{"id":819,"date":"2021-02-22T05:57:41","date_gmt":"2021-02-22T05:57:41","guid":{"rendered":"https:\/\/mx.fcbujed.com\/mx\/?page_id=819"},"modified":"2021-02-22T06:00:11","modified_gmt":"2021-02-22T06:00:11","slug":"departamento-de-gestion-ambiental","status":"publish","type":"page","link":"https:\/\/mx.fcbujed.com\/mx\/departamento-de-gestion-ambiental\/","title":{"rendered":"Departamento de Gesti\u00f3n Ambiental"},"content":{"rendered":"\t\t<div data-elementor-type=\"wp-page\" data-elementor-id=\"819\" class=\"elementor elementor-819\" data-elementor-settings=\"[]\">\n\t\t\t\t\t\t\t<div class=\"elementor-section-wrap\">\n\t\t\t\t\t\t\t<section class=\"elementor-section elementor-top-section elementor-element elementor-element-fc8eac6 elementor-section-boxed elementor-section-height-default elementor-section-height-default\" data-id=\"fc8eac6\" data-element_type=\"section\">\n\t\t\t\t\t\t<div class=\"elementor-container elementor-column-gap-default\">\n\t\t\t\t\t<div class=\"elementor-column elementor-col-100 elementor-top-column elementor-element elementor-element-77c011d\" data-id=\"77c011d\" data-element_type=\"column\">\n\t\t\t<div class=\"elementor-widget-wrap elementor-element-populated\">\n\t\t\t\t\t\t\t\t<div class=\"elementor-element elementor-element-e8d8b0c elementor-arrows-position-inside elementor-pagination-position-outside elementor-widget elementor-widget-image-carousel\" data-id=\"e8d8b0c\" data-element_type=\"widget\" data-settings=\"{&quot;slides_to_show&quot;:&quot;3&quot;,&quot;navigation&quot;:&quot;both&quot;,&quot;autoplay&quot;:&quot;yes&quot;,&quot;pause_on_hover&quot;:&quot;yes&quot;,&quot;pause_on_interaction&quot;:&quot;yes&quot;,&quot;autoplay_speed&quot;:5000,&quot;infinite&quot;:&quot;yes&quot;,&quot;speed&quot;:500}\" data-widget_type=\"image-carousel.default\">\n\t\t\t\t<div class=\"elementor-widget-container\">\n\t\t\t\t\t<div class=\"elementor-image-carousel-wrapper swiper-container\" dir=\"ltr\">\n\t\t\t<div class=\"elementor-image-carousel swiper-wrapper swiper-image-stretch\">\n\t\t\t\t<div class=\"swiper-slide\"><figure class=\"swiper-slide-inner\"><img class=\"swiper-slide-image\" src=\"https:\/\/mx.fcbujed.com\/mx\/wp-content\/uploads\/2021\/02\/49937639_1905191756246317_2115004400933011456_n-crop-u48145-300x272.jpg\" alt=\"49937639_1905191756246317_2115004400933011456_n-crop-u48145\" \/><\/figure><\/div><div class=\"swiper-slide\"><figure class=\"swiper-slide-inner\"><img class=\"swiper-slide-image\" src=\"https:\/\/mx.fcbujed.com\/mx\/wp-content\/uploads\/2021\/02\/49790999_1905190606246432_5628826203600191488_n-300x300.jpg\" alt=\"49790999_1905190606246432_5628826203600191488_n\" \/><\/figure><\/div><div class=\"swiper-slide\"><figure class=\"swiper-slide-inner\"><img class=\"swiper-slide-image\" src=\"https:\/\/mx.fcbujed.com\/mx\/wp-content\/uploads\/2021\/02\/49252295_1905190586246434_4954706098373263360_n-300x300.jpg\" alt=\"49252295_1905190586246434_4954706098373263360_n\" \/><\/figure><\/div>\t\t\t<\/div>\n\t\t\t\t\t\t\t\t\t\t\t\t<div class=\"swiper-pagination\"><\/div>\n\t\t\t\t\t\t\t\t\t\t\t\t\t<div class=\"elementor-swiper-button elementor-swiper-button-prev\">\n\t\t\t\t\t\t<i class=\"eicon-chevron-left\" aria-hidden=\"true\"><\/i>\n\t\t\t\t\t\t<span class=\"elementor-screen-only\">Anterior<\/span>\n\t\t\t\t\t<\/div>\n\t\t\t\t\t<div class=\"elementor-swiper-button elementor-swiper-button-next\">\n\t\t\t\t\t\t<i class=\"eicon-chevron-right\" aria-hidden=\"true\"><\/i>\n\t\t\t\t\t\t<span class=\"elementor-screen-only\">Siguiente<\/span>\n\t\t\t\t\t<\/div>\n\t\t\t\t\t\t\t\t\t<\/div>\n\t\t\t\t<\/div>\n\t\t\t\t<\/div>\n\t\t\t\t\t<\/div>\n\t\t<\/div>\n\t\t\t\t\t\t\t<\/div>\n\t\t<\/section>\n\t\t\t\t<section class=\"elementor-section elementor-top-section elementor-element elementor-element-7d9184e elementor-section-boxed elementor-section-height-default elementor-section-height-default\" data-id=\"7d9184e\" data-element_type=\"section\">\n\t\t\t\t\t\t<div class=\"elementor-container elementor-column-gap-default\">\n\t\t\t\t\t<div class=\"elementor-column elementor-col-100 elementor-top-column elementor-element elementor-element-a872f00\" data-id=\"a872f00\" data-element_type=\"column\">\n\t\t\t<div class=\"elementor-widget-wrap elementor-element-populated\">\n\t\t\t\t\t\t\t\t<div class=\"elementor-element elementor-element-63ce676 elementor-widget elementor-widget-text-editor\" data-id=\"63ce676\" data-element_type=\"widget\" data-widget_type=\"text-editor.default\">\n\t\t\t\t<div class=\"elementor-widget-container\">\n\t\t\t\t\t<div class=\"elementor-text-editor elementor-clearfix\"><p>En la Facultad de Ciencias Biol\u00f3gicas sabemos que las empresas requieren tomar decisiones r\u00e1pidas, mismas que deben de estar respaldadas por informaci\u00f3n veraz, expedita y exacta.<\/p><p>Es por esto que nos interesamos en nuestros clientes ofreci\u00e9ndoles una primera asesor\u00eda por medio de esta secci\u00f3n, en donde encontrar\u00e1n informaci\u00f3n con respecto a las preguntas m\u00e1s frecuentes en las diversas \u00e1reas del ramo ambiental.<\/p><p>Con esta informaci\u00f3n tendr\u00e1s una idea m\u00e1s clara de las acciones inmediatas que debes de tomar con respecto a tu proyecto.<\/p><p>A continuaci\u00f3n se describen 5 grandes apartados:<\/p><p>1. Estudios de Impacto Ambiental<\/p><p>2. Estudio T\u00e9cnico Justificativo (ETJ) para llevar a cabo proyectos en materia de Cambio de Uso de Suelo en Terrenos Forestales (CUSTF)<\/p><p>3. Plan de Manejo Forestal no Maderable<\/p><p>4. Unidades de Manejo para la Conservaci\u00f3n de la Vida Silvestre<\/p><p>5. Plan de Rescate de Flora y Fauna<\/p><p style=\"text-align: center;\"><strong>PARA MAYORES INFORMES:<\/strong><br \/><br \/><strong>Dr. Josu\u00e9 R. Estrada Arellano<\/strong><br \/><strong>j.estradarellano@gmail.com<\/strong><br \/><strong>Departamento de Gesti\u00f3n Ambiental<\/strong><br \/><strong>FACULTAD DE CIENCIAS BIOL\u00d3GICAS UJED<\/strong><br \/><strong>Av. Universidad S\/N Fracc. Filadelfia, G\u00f3mez Palacio, Dgo. C.P 35010<\/strong><br \/><strong>Tel. 7152077, Cel. 8712708717<\/strong><\/p><\/div>\n\t\t\t\t<\/div>\n\t\t\t\t<\/div>\n\t\t\t\t\t<\/div>\n\t\t<\/div>\n\t\t\t\t\t\t\t<\/div>\n\t\t<\/section>\n\t\t\t\t\t\t<\/div>\n\t\t\t\t\t<\/div>\n\t\t","protected":false},"excerpt":{"rendered":"<p>Anterior Siguiente En la Facultad de Ciencias Biol\u00f3gicas sabemos que las empresas requieren tomar decisiones r\u00e1pidas, mismas que deben de estar respaldadas por informaci\u00f3n veraz, expedita y exacta. Es por esto que nos interesamos en nuestros clientes ofreci\u00e9ndoles una primera asesor\u00eda por medio de esta secci\u00f3n, en donde encontrar\u00e1n informaci\u00f3n&hellip;<\/p>\n","protected":false},"author":1,"featured_media":0,"parent":0,"menu_order":0,"comment_status":"closed","ping_status":"closed","template":"","meta":[],"_links":{"self":[{"href":"https:\/\/mx.fcbujed.com\/mx\/wp-json\/wp\/v2\/pages\/819"}],"collection":[{"href":"https:\/\/mx.fcbujed.com\/mx\/wp-json\/wp\/v2\/pages"}],"about":[{"href":"https:\/\/mx.fcbujed.com\/mx\/wp-json\/wp\/v2\/types\/page"}],"author":[{"embeddable":true,"href":"https:\/\/mx.fcbujed.com\/mx\/wp-json\/wp\/v2\/users\/1"}],"replies":[{"embeddable":true,"href":"https:\/\/mx.fcbujed.com\/mx\/wp-json\/wp\/v2\/comments?post=819"}],"version-history":[{"count":4,"href":"https:\/\/mx.fcbujed.com\/mx\/wp-json\/wp\/v2\/pages\/819\/revisions"}],"predecessor-version":[{"id":827,"href":"https:\/\/mx.fcbujed.com\/mx\/wp-json\/wp\/v2\/pages\/819\/revisions\/827"}],"wp:attachment":[{"href":"https:\/\/mx.fcbujed.com\/mx\/wp-json\/wp\/v2\/media?parent=819"}],"curies":[{"name":"wp","href":"https:\/\/api.w.org\/{rel}","templated":true}]}}