{"id":807,"date":"2021-02-21T23:32:17","date_gmt":"2021-02-21T23:32:17","guid":{"rendered":"https:\/\/mx.fcbujed.com\/mx\/?page_id=807"},"modified":"2021-02-21T23:37:20","modified_gmt":"2021-02-21T23:37:20","slug":"laboratorio-de-quimica-ambiental","status":"publish","type":"page","link":"https:\/\/mx.fcbujed.com\/mx\/laboratorio-de-quimica-ambiental\/","title":{"rendered":"Laboratorio de Qu\u00edmica Ambiental"},"content":{"rendered":"\t\t<div data-elementor-type=\"wp-page\" data-elementor-id=\"807\" class=\"elementor elementor-807\" data-elementor-settings=\"[]\">\n\t\t\t\t\t\t\t<div class=\"elementor-section-wrap\">\n\t\t\t\t\t\t\t<section class=\"elementor-section elementor-top-section elementor-element elementor-element-fec132c elementor-section-boxed elementor-section-height-default elementor-section-height-default\" data-id=\"fec132c\" data-element_type=\"section\">\n\t\t\t\t\t\t<div class=\"elementor-container elementor-column-gap-default\">\n\t\t\t\t\t<div class=\"elementor-column elementor-col-100 elementor-top-column elementor-element elementor-element-3fc3486\" data-id=\"3fc3486\" data-element_type=\"column\">\n\t\t\t<div class=\"elementor-widget-wrap elementor-element-populated\">\n\t\t\t\t\t\t\t\t<section class=\"elementor-section elementor-inner-section elementor-element elementor-element-de52b03 elementor-section-boxed elementor-section-height-default elementor-section-height-default\" data-id=\"de52b03\" data-element_type=\"section\">\n\t\t\t\t\t\t<div class=\"elementor-container elementor-column-gap-default\">\n\t\t\t\t\t<div class=\"elementor-column elementor-col-50 elementor-inner-column elementor-element elementor-element-8613e7b\" data-id=\"8613e7b\" data-element_type=\"column\">\n\t\t\t<div class=\"elementor-widget-wrap elementor-element-populated\">\n\t\t\t\t\t\t\t\t<div class=\"elementor-element elementor-element-75043e9 elementor-widget elementor-widget-image\" data-id=\"75043e9\" data-element_type=\"widget\" data-widget_type=\"image.default\">\n\t\t\t\t<div class=\"elementor-widget-container\">\n\t\t\t\t\t<div class=\"elementor-image\">\n\t\t\t\t\t\t\t\t\t\t<img width=\"640\" height=\"787\" src=\"https:\/\/mx.fcbujed.com\/mx\/wp-content\/uploads\/2021\/02\/064019-crop-u27522.jpg\" class=\"attachment-large size-large\" alt=\"\" loading=\"lazy\" srcset=\"https:\/\/mx.fcbujed.com\/mx\/wp-content\/uploads\/2021\/02\/064019-crop-u27522.jpg 752w, https:\/\/mx.fcbujed.com\/mx\/wp-content\/uploads\/2021\/02\/064019-crop-u27522-244x300.jpg 244w\" sizes=\"(max-width: 640px) 100vw, 640px\" \/>\t\t\t\t\t\t\t\t\t\t\t<\/div>\n\t\t\t\t<\/div>\n\t\t\t\t<\/div>\n\t\t\t\t\t<\/div>\n\t\t<\/div>\n\t\t\t\t<div class=\"elementor-column elementor-col-50 elementor-inner-column elementor-element elementor-element-852812c\" data-id=\"852812c\" data-element_type=\"column\">\n\t\t\t<div class=\"elementor-widget-wrap elementor-element-populated\">\n\t\t\t\t\t\t\t\t<div class=\"elementor-element elementor-element-b84f497 elementor-widget elementor-widget-text-editor\" data-id=\"b84f497\" data-element_type=\"widget\" data-widget_type=\"text-editor.default\">\n\t\t\t\t<div class=\"elementor-widget-container\">\n\t\t\t\t\t<div class=\"elementor-text-editor elementor-clearfix\"><p>La Facultad de Ciencias Biol\u00f3gicas adscrita a la Universidad Ju\u00e1rez del Estado de Durango (UJED), es una instituci\u00f3n comprometida con el cuidado y preservaci\u00f3n del medio ambiente, lo cual ha logrado a trav\u00e9s de diversos estudios, donde se ha evaluado el efecto de la contaminaci\u00f3n en la biodiversidad y en las esferas ambientales. El &#8220;Laboratorio de Qu\u00edmica Ambiental (LQA)&#8221;, es un laboratorio comprometido con la calidad y servicio; cuenta con instrumentos y equipos especializados, con los cuales se determina la calidad del agua (pH, conductividad el\u00e9ctrica, sonidos, etc.) y suelo ; adem\u00e1s cuenta con la capacidad de analizar metales pesados en muestras biol\u00f3gicas, como lo son: tejido vegetal y animal (ra\u00edz, tallo, hoja, h\u00edgado, piel, intestino etc.) y abi\u00f3ticas (suelo y agua).<\/p><p>Misi\u00f3n<\/p><p>Proporcionar ensayos confiables y oportunos para apoyar en la evaluaci\u00f3n del estudio ambiental de las diferentes esferas, adem\u00e1s de la evaluaci\u00f3n del impacto de los contaminantes en la flora y fauna de los diferentes ecosistemas.<\/p><p>Visi\u00f3n<\/p><p>Ser el laboratorio de qu\u00edmica ambiental de primera elecci\u00f3n para el apoyo de la evaluaci\u00f3n de los diferentes estratos abi\u00f3ticos e integrantes bi\u00f3ticos presentes en los ecosistemas . Siempre con una actitud colaborativa y de compromiso de la calidad.<\/p><\/div>\n\t\t\t\t<\/div>\n\t\t\t\t<\/div>\n\t\t\t\t\t<\/div>\n\t\t<\/div>\n\t\t\t\t\t\t\t<\/div>\n\t\t<\/section>\n\t\t\t\t\t<\/div>\n\t\t<\/div>\n\t\t\t\t\t\t\t<\/div>\n\t\t<\/section>\n\t\t\t\t<section class=\"elementor-section elementor-top-section elementor-element elementor-element-41f4205 elementor-section-boxed elementor-section-height-default elementor-section-height-default\" data-id=\"41f4205\" data-element_type=\"section\">\n\t\t\t\t\t\t<div class=\"elementor-container elementor-column-gap-default\">\n\t\t\t\t\t<div class=\"elementor-column elementor-col-100 elementor-top-column elementor-element elementor-element-a89fb94\" data-id=\"a89fb94\" data-element_type=\"column\">\n\t\t\t<div class=\"elementor-widget-wrap elementor-element-populated\">\n\t\t\t\t\t\t\t\t<section class=\"elementor-section elementor-inner-section elementor-element elementor-element-bca8aaa elementor-section-boxed elementor-section-height-default elementor-section-height-default\" data-id=\"bca8aaa\" data-element_type=\"section\">\n\t\t\t\t\t\t<div class=\"elementor-container elementor-column-gap-default\">\n\t\t\t\t\t<div class=\"elementor-column elementor-col-50 elementor-inner-column elementor-element elementor-element-a80dff7\" data-id=\"a80dff7\" data-element_type=\"column\">\n\t\t\t<div class=\"elementor-widget-wrap elementor-element-populated\">\n\t\t\t\t\t\t\t\t<div class=\"elementor-element elementor-element-6625daa elementor-widget elementor-widget-heading\" data-id=\"6625daa\" data-element_type=\"widget\" data-widget_type=\"heading.default\">\n\t\t\t\t<div class=\"elementor-widget-container\">\n\t\t\t<h5 class=\"elementor-heading-title elementor-size-default\">Matriz de Agua<\/h5>\t\t<\/div>\n\t\t\t\t<\/div>\n\t\t\t\t<div class=\"elementor-element elementor-element-bdf8e71 elementor-widget elementor-widget-image\" data-id=\"bdf8e71\" data-element_type=\"widget\" data-widget_type=\"image.default\">\n\t\t\t\t<div class=\"elementor-widget-container\">\n\t\t\t\t\t<div class=\"elementor-image\">\n\t\t\t\t\t\t\t\t\t\t<img width=\"428\" height=\"526\" src=\"https:\/\/mx.fcbujed.com\/mx\/wp-content\/uploads\/2021\/02\/lqa_agua.png\" class=\"attachment-large size-large\" alt=\"\" loading=\"lazy\" srcset=\"https:\/\/mx.fcbujed.com\/mx\/wp-content\/uploads\/2021\/02\/lqa_agua.png 428w, https:\/\/mx.fcbujed.com\/mx\/wp-content\/uploads\/2021\/02\/lqa_agua-244x300.png 244w\" sizes=\"(max-width: 428px) 100vw, 428px\" \/>\t\t\t\t\t\t\t\t\t\t\t<\/div>\n\t\t\t\t<\/div>\n\t\t\t\t<\/div>\n\t\t\t\t<div class=\"elementor-element elementor-element-ce6fa4d elementor-widget elementor-widget-text-editor\" data-id=\"ce6fa4d\" data-element_type=\"widget\" data-widget_type=\"text-editor.default\">\n\t\t\t\t<div class=\"elementor-widget-container\">\n\t\t\t\t\t<div class=\"elementor-text-editor elementor-clearfix\"><p>\u00a0<\/p><p>\u00a0<\/p><p>\u00a0<\/p><p>\u00a0<\/p><p style=\"text-align: center;\"><strong>PARA MAYORES INFORMES:<\/strong><br \/><strong>M.C. Cristo Omar Puente Valenzuela<\/strong><br \/><strong>puvacrom@ujed.mx<\/strong><\/p><p style=\"text-align: center;\"><strong>Laboratorio de Qu\u00edmica Ambiental<\/strong><br \/><strong>Facultad de Ciencias Biol\u00f3gicas UJED<\/strong><br \/><strong>Av. Universidad S\/N Fracc. Filadelfia, G\u00f3mez Palacio, Dgo. C.P 35010<\/strong><br \/><strong>Tel. 7152077 \/ Cel. 8711733702<\/strong><\/p><\/div>\n\t\t\t\t<\/div>\n\t\t\t\t<\/div>\n\t\t\t\t\t<\/div>\n\t\t<\/div>\n\t\t\t\t<div class=\"elementor-column elementor-col-50 elementor-inner-column elementor-element elementor-element-9aa3eb1\" data-id=\"9aa3eb1\" data-element_type=\"column\">\n\t\t\t<div class=\"elementor-widget-wrap elementor-element-populated\">\n\t\t\t\t\t\t\t\t<div class=\"elementor-element elementor-element-72bf275 elementor-widget elementor-widget-heading\" data-id=\"72bf275\" data-element_type=\"widget\" data-widget_type=\"heading.default\">\n\t\t\t\t<div class=\"elementor-widget-container\">\n\t\t\t<h5 class=\"elementor-heading-title elementor-size-default\">Matriz de Suelo<\/h5>\t\t<\/div>\n\t\t\t\t<\/div>\n\t\t\t\t<div class=\"elementor-element elementor-element-09772d7 elementor-widget elementor-widget-image\" data-id=\"09772d7\" data-element_type=\"widget\" data-widget_type=\"image.default\">\n\t\t\t\t<div class=\"elementor-widget-container\">\n\t\t\t\t\t<div class=\"elementor-image\">\n\t\t\t\t\t\t\t\t\t\t<img width=\"428\" height=\"438\" src=\"https:\/\/mx.fcbujed.com\/mx\/wp-content\/uploads\/2021\/02\/lqa_suelo.png\" class=\"attachment-large size-large\" alt=\"\" loading=\"lazy\" srcset=\"https:\/\/mx.fcbujed.com\/mx\/wp-content\/uploads\/2021\/02\/lqa_suelo.png 428w, https:\/\/mx.fcbujed.com\/mx\/wp-content\/uploads\/2021\/02\/lqa_suelo-293x300.png 293w\" sizes=\"(max-width: 428px) 100vw, 428px\" \/>\t\t\t\t\t\t\t\t\t\t\t<\/div>\n\t\t\t\t<\/div>\n\t\t\t\t<\/div>\n\t\t\t\t<div class=\"elementor-element elementor-element-1d497d3 elementor-widget elementor-widget-heading\" data-id=\"1d497d3\" data-element_type=\"widget\" data-widget_type=\"heading.default\">\n\t\t\t\t<div class=\"elementor-widget-container\">\n\t\t\t<h5 class=\"elementor-heading-title elementor-size-default\">Matriz de Tejido<\/h5>\t\t<\/div>\n\t\t\t\t<\/div>\n\t\t\t\t<div class=\"elementor-element elementor-element-cdb45e7 elementor-widget elementor-widget-image\" data-id=\"cdb45e7\" data-element_type=\"widget\" data-widget_type=\"image.default\">\n\t\t\t\t<div class=\"elementor-widget-container\">\n\t\t\t\t\t<div class=\"elementor-image\">\n\t\t\t\t\t\t\t\t\t\t<img width=\"428\" height=\"438\" src=\"https:\/\/mx.fcbujed.com\/mx\/wp-content\/uploads\/2021\/02\/lqa_tejido.png\" class=\"attachment-large size-large\" alt=\"\" loading=\"lazy\" srcset=\"https:\/\/mx.fcbujed.com\/mx\/wp-content\/uploads\/2021\/02\/lqa_tejido.png 428w, https:\/\/mx.fcbujed.com\/mx\/wp-content\/uploads\/2021\/02\/lqa_tejido-293x300.png 293w\" sizes=\"(max-width: 428px) 100vw, 428px\" \/>\t\t\t\t\t\t\t\t\t\t\t<\/div>\n\t\t\t\t<\/div>\n\t\t\t\t<\/div>\n\t\t\t\t\t<\/div>\n\t\t<\/div>\n\t\t\t\t\t\t\t<\/div>\n\t\t<\/section>\n\t\t\t\t\t<\/div>\n\t\t<\/div>\n\t\t\t\t\t\t\t<\/div>\n\t\t<\/section>\n\t\t\t\t\t\t<\/div>\n\t\t\t\t\t<\/div>\n\t\t","protected":false},"excerpt":{"rendered":"<p>La Facultad de Ciencias Biol\u00f3gicas adscrita a la Universidad Ju\u00e1rez del Estado de Durango (UJED), es una instituci\u00f3n comprometida con el cuidado y preservaci\u00f3n del medio ambiente, lo cual ha logrado a trav\u00e9s de diversos estudios, donde se ha evaluado el efecto de la contaminaci\u00f3n en la biodiversidad y en&hellip;<\/p>\n","protected":false},"author":1,"featured_media":0,"parent":0,"menu_order":0,"comment_status":"closed","ping_status":"closed","template":"elementor_header_footer","meta":[],"_links":{"self":[{"href":"https:\/\/mx.fcbujed.com\/mx\/wp-json\/wp\/v2\/pages\/807"}],"collection":[{"href":"https:\/\/mx.fcbujed.com\/mx\/wp-json\/wp\/v2\/pages"}],"about":[{"href":"https:\/\/mx.fcbujed.com\/mx\/wp-json\/wp\/v2\/types\/page"}],"author":[{"embeddable":true,"href":"https:\/\/mx.fcbujed.com\/mx\/wp-json\/wp\/v2\/users\/1"}],"replies":[{"embeddable":true,"href":"https:\/\/mx.fcbujed.com\/mx\/wp-json\/wp\/v2\/comments?post=807"}],"version-history":[{"count":7,"href":"https:\/\/mx.fcbujed.com\/mx\/wp-json\/wp\/v2\/pages\/807\/revisions"}],"predecessor-version":[{"id":818,"href":"https:\/\/mx.fcbujed.com\/mx\/wp-json\/wp\/v2\/pages\/807\/revisions\/818"}],"wp:attachment":[{"href":"https:\/\/mx.fcbujed.com\/mx\/wp-json\/wp\/v2\/media?parent=807"}],"curies":[{"name":"wp","href":"https:\/\/api.w.org\/{rel}","templated":true}]}}