{"id":781,"date":"2021-02-21T23:10:58","date_gmt":"2021-02-21T23:10:58","guid":{"rendered":"https:\/\/mx.fcbujed.com\/mx\/?page_id=781"},"modified":"2021-02-21T23:28:47","modified_gmt":"2021-02-21T23:28:47","slug":"eventos-academicos","status":"publish","type":"page","link":"https:\/\/mx.fcbujed.com\/mx\/eventos-academicos\/","title":{"rendered":"Eventos Acad\u00e9micos"},"content":{"rendered":"\t\t<div data-elementor-type=\"wp-page\" data-elementor-id=\"781\" class=\"elementor elementor-781\" data-elementor-settings=\"[]\">\n\t\t\t\t\t\t\t<div class=\"elementor-section-wrap\">\n\t\t\t\t\t\t\t<section class=\"elementor-section elementor-top-section elementor-element elementor-element-66716f4 elementor-section-boxed elementor-section-height-default elementor-section-height-default\" data-id=\"66716f4\" data-element_type=\"section\">\n\t\t\t\t\t\t<div class=\"elementor-container elementor-column-gap-default\">\n\t\t\t\t\t<div class=\"elementor-column elementor-col-100 elementor-top-column elementor-element elementor-element-6a87a17\" data-id=\"6a87a17\" data-element_type=\"column\">\n\t\t\t<div class=\"elementor-widget-wrap elementor-element-populated\">\n\t\t\t\t\t\t\t\t<div class=\"elementor-element elementor-element-0acbca0 elementor-widget elementor-widget-heading\" data-id=\"0acbca0\" data-element_type=\"widget\" data-widget_type=\"heading.default\">\n\t\t\t\t<div class=\"elementor-widget-container\">\n\t\t\t<h2 class=\"elementor-heading-title elementor-size-default\">Registro de eventos acad\u00e9micos:<\/h2>\t\t<\/div>\n\t\t\t\t<\/div>\n\t\t\t\t\t<\/div>\n\t\t<\/div>\n\t\t\t\t\t\t\t<\/div>\n\t\t<\/section>\n\t\t\t\t<section class=\"elementor-section elementor-top-section elementor-element elementor-element-1976eef elementor-section-boxed elementor-section-height-default elementor-section-height-default\" data-id=\"1976eef\" data-element_type=\"section\">\n\t\t\t\t\t\t<div class=\"elementor-container elementor-column-gap-default\">\n\t\t\t\t\t<div class=\"elementor-column elementor-col-100 elementor-top-column elementor-element elementor-element-4a8e4eb\" data-id=\"4a8e4eb\" data-element_type=\"column\">\n\t\t\t<div class=\"elementor-widget-wrap elementor-element-populated\">\n\t\t\t\t\t\t\t\t<div class=\"elementor-element elementor-element-d01aba3 elementor-widget elementor-widget-heading\" data-id=\"d01aba3\" data-element_type=\"widget\" data-widget_type=\"heading.default\">\n\t\t\t\t<div class=\"elementor-widget-container\">\n\t\t\t<h5 class=\"elementor-heading-title elementor-size-default\">2020: IV Congreso de Diversidad Biol\u00f3gica<\/h5>\t\t<\/div>\n\t\t\t\t<\/div>\n\t\t\t\t<div class=\"elementor-element elementor-element-987ecf3 elementor-widget elementor-widget-image\" data-id=\"987ecf3\" data-element_type=\"widget\" data-widget_type=\"image.default\">\n\t\t\t\t<div class=\"elementor-widget-container\">\n\t\t\t\t\t<div class=\"elementor-image\">\n\t\t\t\t\t\t\t\t\t\t\t<a href=\"http:\/\/www.codibio.com.mx\/2020\/\" target=\"_blank\">\n\t\t\t\t\t\t\t<img width=\"640\" height=\"323\" src=\"https:\/\/mx.fcbujed.com\/mx\/wp-content\/uploads\/2021\/02\/codibio-1024x516.jpg\" class=\"attachment-large size-large\" alt=\"\" loading=\"lazy\" srcset=\"https:\/\/mx.fcbujed.com\/mx\/wp-content\/uploads\/2021\/02\/codibio-1024x516.jpg 1024w, https:\/\/mx.fcbujed.com\/mx\/wp-content\/uploads\/2021\/02\/codibio-300x151.jpg 300w, https:\/\/mx.fcbujed.com\/mx\/wp-content\/uploads\/2021\/02\/codibio-768x387.jpg 768w, https:\/\/mx.fcbujed.com\/mx\/wp-content\/uploads\/2021\/02\/codibio.jpg 1111w\" sizes=\"(max-width: 640px) 100vw, 640px\" \/>\t\t\t\t\t\t\t\t<\/a>\n\t\t\t\t\t\t\t\t\t\t\t<\/div>\n\t\t\t\t<\/div>\n\t\t\t\t<\/div>\n\t\t\t\t<div class=\"elementor-element elementor-element-9eedaf3 elementor-widget elementor-widget-heading\" data-id=\"9eedaf3\" data-element_type=\"widget\" data-widget_type=\"heading.default\">\n\t\t\t\t<div class=\"elementor-widget-container\">\n\t\t\t<h5 class=\"elementor-heading-title elementor-size-default\">2019: 3er Congreso de Diversidad Biol\u00f3gica<\/h5>\t\t<\/div>\n\t\t\t\t<\/div>\n\t\t\t\t<div class=\"elementor-element elementor-element-af6abdf elementor-widget elementor-widget-image\" data-id=\"af6abdf\" data-element_type=\"widget\" data-widget_type=\"image.default\">\n\t\t\t\t<div class=\"elementor-widget-container\">\n\t\t\t\t\t<div class=\"elementor-image\">\n\t\t\t\t\t\t\t\t\t\t\t<a href=\"http:\/\/fcbujed.mx\/codibio2019\/\" target=\"_blank\">\n\t\t\t\t\t\t\t<img width=\"531\" height=\"222\" src=\"https:\/\/mx.fcbujed.com\/mx\/wp-content\/uploads\/2021\/02\/imagen-pegada-531x222-1.png\" class=\"attachment-large size-large\" alt=\"\" loading=\"lazy\" srcset=\"https:\/\/mx.fcbujed.com\/mx\/wp-content\/uploads\/2021\/02\/imagen-pegada-531x222-1.png 531w, https:\/\/mx.fcbujed.com\/mx\/wp-content\/uploads\/2021\/02\/imagen-pegada-531x222-1-300x125.png 300w\" sizes=\"(max-width: 531px) 100vw, 531px\" \/>\t\t\t\t\t\t\t\t<\/a>\n\t\t\t\t\t\t\t\t\t\t\t<\/div>\n\t\t\t\t<\/div>\n\t\t\t\t<\/div>\n\t\t\t\t<div class=\"elementor-element elementor-element-48d3387 elementor-widget elementor-widget-heading\" data-id=\"48d3387\" data-element_type=\"widget\" data-widget_type=\"heading.default\">\n\t\t\t\t<div class=\"elementor-widget-container\">\n\t\t\t<h5 class=\"elementor-heading-title elementor-size-default\">2018: Jornadas Acad\u00e9micas Culturales y Deportivas \"Ecolog\u00eda y Bienestar\"<\/h5>\t\t<\/div>\n\t\t\t\t<\/div>\n\t\t\t\t<div class=\"elementor-element elementor-element-34718b3 elementor-widget elementor-widget-image\" data-id=\"34718b3\" data-element_type=\"widget\" data-widget_type=\"image.default\">\n\t\t\t\t<div class=\"elementor-widget-container\">\n\t\t\t\t\t<div class=\"elementor-image\">\n\t\t\t\t\t\t\t\t\t\t\t<a href=\"http:\/\/fcbujed.com\/jornadas\/2018\/Memorias_JACyD_FCB_UJED_Edicion_2018.pdf\" target=\"_blank\">\n\t\t\t\t\t\t\t<img width=\"466\" height=\"466\" src=\"https:\/\/mx.fcbujed.com\/mx\/wp-content\/uploads\/2021\/02\/logojornadas-2.png\" class=\"attachment-large size-large\" alt=\"\" loading=\"lazy\" srcset=\"https:\/\/mx.fcbujed.com\/mx\/wp-content\/uploads\/2021\/02\/logojornadas-2.png 466w, https:\/\/mx.fcbujed.com\/mx\/wp-content\/uploads\/2021\/02\/logojornadas-2-300x300.png 300w, https:\/\/mx.fcbujed.com\/mx\/wp-content\/uploads\/2021\/02\/logojornadas-2-150x150.png 150w, https:\/\/mx.fcbujed.com\/mx\/wp-content\/uploads\/2021\/02\/logojornadas-2-450x450.png 450w\" sizes=\"(max-width: 466px) 100vw, 466px\" \/>\t\t\t\t\t\t\t\t<\/a>\n\t\t\t\t\t\t\t\t\t\t\t<\/div>\n\t\t\t\t<\/div>\n\t\t\t\t<\/div>\n\t\t\t\t<div class=\"elementor-element elementor-element-6eb844d elementor-widget elementor-widget-heading\" data-id=\"6eb844d\" data-element_type=\"widget\" data-widget_type=\"heading.default\">\n\t\t\t\t<div class=\"elementor-widget-container\">\n\t\t\t<h5 class=\"elementor-heading-title elementor-size-default\">2017: Jornadas Acad\u00e9micas Culturales y Deportivas \"Manejo y Conservaci\u00f3n\"<\/h5>\t\t<\/div>\n\t\t\t\t<\/div>\n\t\t\t\t<div class=\"elementor-element elementor-element-2e3ec38 elementor-widget elementor-widget-image\" data-id=\"2e3ec38\" data-element_type=\"widget\" data-widget_type=\"image.default\">\n\t\t\t\t<div class=\"elementor-widget-container\">\n\t\t\t\t\t<div class=\"elementor-image\">\n\t\t\t\t\t\t\t\t\t\t\t<a href=\"http:\/\/fcbujed.com\/jornadas\/2017\/index.html\" target=\"_blank\">\n\t\t\t\t\t\t\t<img width=\"455\" height=\"313\" src=\"https:\/\/mx.fcbujed.com\/mx\/wp-content\/uploads\/2021\/02\/logojornadas2017-1.jpg\" class=\"attachment-large size-large\" alt=\"\" loading=\"lazy\" srcset=\"https:\/\/mx.fcbujed.com\/mx\/wp-content\/uploads\/2021\/02\/logojornadas2017-1.jpg 455w, https:\/\/mx.fcbujed.com\/mx\/wp-content\/uploads\/2021\/02\/logojornadas2017-1-300x206.jpg 300w\" sizes=\"(max-width: 455px) 100vw, 455px\" \/>\t\t\t\t\t\t\t\t<\/a>\n\t\t\t\t\t\t\t\t\t\t\t<\/div>\n\t\t\t\t<\/div>\n\t\t\t\t<\/div>\n\t\t\t\t<div class=\"elementor-element elementor-element-4fc603e elementor-widget elementor-widget-heading\" data-id=\"4fc603e\" data-element_type=\"widget\" data-widget_type=\"heading.default\">\n\t\t\t\t<div class=\"elementor-widget-container\">\n\t\t\t<h5 class=\"elementor-heading-title elementor-size-default\">2016: Jornadas Acad\u00e9micas Culturales y Deportivas \"\u00c1rido-Ciencia\"<\/h5>\t\t<\/div>\n\t\t\t\t<\/div>\n\t\t\t\t<div class=\"elementor-element elementor-element-055eceb elementor-widget elementor-widget-image\" data-id=\"055eceb\" data-element_type=\"widget\" data-widget_type=\"image.default\">\n\t\t\t\t<div class=\"elementor-widget-container\">\n\t\t\t\t\t<div class=\"elementor-image\">\n\t\t\t\t\t\t\t\t\t\t\t<a href=\"http:\/\/fcbujed.com\/codibio2015\/index.html\" target=\"_blank\">\n\t\t\t\t\t\t\t<img width=\"457\" height=\"196\" src=\"https:\/\/mx.fcbujed.com\/mx\/wp-content\/uploads\/2021\/02\/aridociencia2.jpg\" class=\"attachment-large size-large\" alt=\"\" loading=\"lazy\" srcset=\"https:\/\/mx.fcbujed.com\/mx\/wp-content\/uploads\/2021\/02\/aridociencia2.jpg 457w, https:\/\/mx.fcbujed.com\/mx\/wp-content\/uploads\/2021\/02\/aridociencia2-300x129.jpg 300w\" sizes=\"(max-width: 457px) 100vw, 457px\" \/>\t\t\t\t\t\t\t\t<\/a>\n\t\t\t\t\t\t\t\t\t\t\t<\/div>\n\t\t\t\t<\/div>\n\t\t\t\t<\/div>\n\t\t\t\t<div class=\"elementor-element elementor-element-0dfaf81 elementor-widget elementor-widget-heading\" data-id=\"0dfaf81\" data-element_type=\"widget\" data-widget_type=\"heading.default\">\n\t\t\t\t<div class=\"elementor-widget-container\">\n\t\t\t<h5 class=\"elementor-heading-title elementor-size-default\">2015: 2do Congreso de Diversidad Biol\u00f3gica \"Comarca Lagunera\"<\/h5>\t\t<\/div>\n\t\t\t\t<\/div>\n\t\t\t\t<div class=\"elementor-element elementor-element-f232be7 elementor-widget elementor-widget-image\" data-id=\"f232be7\" data-element_type=\"widget\" data-widget_type=\"image.default\">\n\t\t\t\t<div class=\"elementor-widget-container\">\n\t\t\t\t\t<div class=\"elementor-image\">\n\t\t\t\t\t\t\t\t\t\t<img width=\"459\" height=\"192\" src=\"https:\/\/mx.fcbujed.com\/mx\/wp-content\/uploads\/2021\/02\/logocodibio.png\" class=\"attachment-large size-large\" alt=\"\" loading=\"lazy\" srcset=\"https:\/\/mx.fcbujed.com\/mx\/wp-content\/uploads\/2021\/02\/logocodibio.png 459w, https:\/\/mx.fcbujed.com\/mx\/wp-content\/uploads\/2021\/02\/logocodibio-300x125.png 300w\" sizes=\"(max-width: 459px) 100vw, 459px\" \/>\t\t\t\t\t\t\t\t\t\t\t<\/div>\n\t\t\t\t<\/div>\n\t\t\t\t<\/div>\n\t\t\t\t\t<\/div>\n\t\t<\/div>\n\t\t\t\t\t\t\t<\/div>\n\t\t<\/section>\n\t\t\t\t<section class=\"elementor-section elementor-top-section elementor-element elementor-element-117bbac elementor-section-boxed elementor-section-height-default elementor-section-height-default\" data-id=\"117bbac\" data-element_type=\"section\">\n\t\t\t\t\t\t<div class=\"elementor-container elementor-column-gap-default\">\n\t\t\t\t\t<div class=\"elementor-column elementor-col-100 elementor-top-column elementor-element elementor-element-d140c29\" data-id=\"d140c29\" data-element_type=\"column\">\n\t\t\t<div class=\"elementor-widget-wrap\">\n\t\t\t\t\t\t\t\t\t<\/div>\n\t\t<\/div>\n\t\t\t\t\t\t\t<\/div>\n\t\t<\/section>\n\t\t\t\t\t\t<\/div>\n\t\t\t\t\t<\/div>\n\t\t","protected":false},"excerpt":{"rendered":"<p>Registro de eventos acad\u00e9micos: 2020: IV Congreso de Diversidad Biol\u00f3gica 2019: 3er Congreso de Diversidad Biol\u00f3gica 2018: Jornadas Acad\u00e9micas Culturales y Deportivas &#8220;Ecolog\u00eda y Bienestar&#8221; 2017: Jornadas Acad\u00e9micas Culturales y Deportivas &#8220;Manejo y Conservaci\u00f3n&#8221; 2016: Jornadas Acad\u00e9micas Culturales y Deportivas &#8220;\u00c1rido-Ciencia&#8221; 2015: 2do Congreso de Diversidad Biol\u00f3gica &#8220;Comarca Lagunera&#8221;<\/p>\n","protected":false},"author":1,"featured_media":0,"parent":0,"menu_order":0,"comment_status":"closed","ping_status":"closed","template":"","meta":[],"_links":{"self":[{"href":"https:\/\/mx.fcbujed.com\/mx\/wp-json\/wp\/v2\/pages\/781"}],"collection":[{"href":"https:\/\/mx.fcbujed.com\/mx\/wp-json\/wp\/v2\/pages"}],"about":[{"href":"https:\/\/mx.fcbujed.com\/mx\/wp-json\/wp\/v2\/types\/page"}],"author":[{"embeddable":true,"href":"https:\/\/mx.fcbujed.com\/mx\/wp-json\/wp\/v2\/users\/1"}],"replies":[{"embeddable":true,"href":"https:\/\/mx.fcbujed.com\/mx\/wp-json\/wp\/v2\/comments?post=781"}],"version-history":[{"count":16,"href":"https:\/\/mx.fcbujed.com\/mx\/wp-json\/wp\/v2\/pages\/781\/revisions"}],"predecessor-version":[{"id":804,"href":"https:\/\/mx.fcbujed.com\/mx\/wp-json\/wp\/v2\/pages\/781\/revisions\/804"}],"wp:attachment":[{"href":"https:\/\/mx.fcbujed.com\/mx\/wp-json\/wp\/v2\/media?parent=781"}],"curies":[{"name":"wp","href":"https:\/\/api.w.org\/{rel}","templated":true}]}}