{"id":752,"date":"2021-02-21T20:52:05","date_gmt":"2021-02-21T20:52:05","guid":{"rendered":"https:\/\/mx.fcbujed.com\/mx\/?page_id=752"},"modified":"2022-02-09T16:49:16","modified_gmt":"2022-02-09T16:49:16","slug":"servicio-social","status":"publish","type":"page","link":"https:\/\/mx.fcbujed.com\/mx\/servicio-social\/","title":{"rendered":"Servicio Social"},"content":{"rendered":"\t\t<div data-elementor-type=\"wp-page\" data-elementor-id=\"752\" class=\"elementor elementor-752\" data-elementor-settings=\"[]\">\n\t\t\t\t\t\t\t<div class=\"elementor-section-wrap\">\n\t\t\t\t\t\t\t<section class=\"elementor-section elementor-top-section elementor-element elementor-element-de61209 elementor-section-boxed elementor-section-height-default elementor-section-height-default\" data-id=\"de61209\" data-element_type=\"section\">\n\t\t\t\t\t\t<div class=\"elementor-container elementor-column-gap-default\">\n\t\t\t\t\t<div class=\"elementor-column elementor-col-100 elementor-top-column elementor-element elementor-element-503dcc7\" data-id=\"503dcc7\" data-element_type=\"column\">\n\t\t\t<div class=\"elementor-widget-wrap elementor-element-populated\">\n\t\t\t\t\t\t\t\t<div class=\"elementor-element elementor-element-75c21bf elementor-widget elementor-widget-text-editor\" data-id=\"75c21bf\" data-element_type=\"widget\" data-widget_type=\"text-editor.default\">\n\t\t\t\t<div class=\"elementor-widget-container\">\n\t\t\t\t\t<div class=\"elementor-text-editor elementor-clearfix\"><div id=\"u34775-61\" class=\"clearfix colelem\" data-muse-temp-textcontainer-sizepolicy=\"true\" data-muse-temp-textcontainer-pinning=\"true\">\n<p id=\"u34775-2\">Una forma de Extensi\u00f3n Universitaria que permite la vinculaci\u00f3n de la propia Universidad con la comunidad, es el <strong>Servicio Social obligatorio<\/strong>, el cual constituye un elemento integrador de las funciones de docencia, investigaci\u00f3n un difusi\u00f3n de la cultura y la extensi\u00f3n de los servicios, en los sectores productivos y de servicios de la sociedad; para ello, es necesario integrar a los universitarios en planes y programas de desarrollo que, con un amplio contenido social faciliten la vinculaci\u00f3n de los prestadores con su alma Mater, con su comunidad, con su regi\u00f3n y con el pa\u00eds.<\/p>\n<p id=\"u34775-5\">El Servicio Social, es un requerimiento que el alumno debe de cumplir como parte del proceso de su desarrollo acad\u00e9mico dentro de la Facultad de Ciencias Biol\u00f3gicas de la UJED.<\/p>\n<p id=\"u34775-8\">Enseguida, el departamento de Coordinaci\u00f3n de Servicio Social, pone a su disposici\u00f3n las dos modalidades que se tienen para poder llevar a cabo el Servicio Social, las cuales son las siguientes:<\/p>\n<h5 id=\"u34775-12\"><strong>SERVICIO SOCIAL UNIVERSITARIO (SESU):<br><\/strong><\/h5>\n<p id=\"u34775-15\">Por Servicio Social Universitario (SESU) se entiende: las acciones gratuitas que realizar\u00e1n cada ciclo escolar, los alumnos de Licenciatura de 1\u00ba al 5\u00ba semestre.<\/p>\n<p id=\"u34775-18\">Podr\u00e1 realizarse \u00fanicamente en actividades de apoyo en laboratorios de investigaci\u00f3n, apoyo a docentes de la FCB-UJED y apoyo en el cuidado de jard\u00edn bot\u00e1nico y colecciones cient\u00edficas.<\/p>\n<p>TR\u00c1MITE:<\/p>\n<p id=\"u34775-25\">1. Al inicio de cada semestre, el alumno debe enviar la informaci\u00f3n requerida en el&nbsp;<a class=\"nonblock\" href=\"http:\/\/www.fcbujed.mx\/ssocial\/adjuntos\/FORMATO_ALTA_SESU.pdf\">&#8220;FORMATO ALTA SESU&#8221;.<\/a><\/p>\n<p id=\"u34775-27\">2. El alumno recibir\u00e1 la confirmaci\u00f3n de alta por parte de la Coordinaci\u00f3n de Servicio Social a trav\u00e9s de su direcci\u00f3n de correo en un lapso no mayor a tres d\u00edas h\u00e1biles.<\/p>\n<p id=\"u34775-32\">3. Al finalizar el semestre, el alumno debe solicitar a su asesor de servicio social que descargue el formato&nbsp;<a class=\"nonblock\" href=\"http:\/\/www.fcbujed.mx\/ssocial\/adjuntos\/REPORTE_SESU_PROFESOR.pdf\">\u201cREPORTE SESU PROFESOR\u201d&nbsp;<\/a>y que env\u00ede escaneado con firma original el reporte de sus horas a la direcci\u00f3n ssfcbujed@gmail.com<\/p>\n<p id=\"u34775-34\">4. Tanto el alumno como el asesor de servicio social recibir\u00e1n la notificaci\u00f3n de recepci\u00f3n de reporte de horas por parte de la Coordinaci\u00f3n de Servicio Social a trav\u00e9s de sus direcciones de correo en un lapso no mayor a tres cinco d\u00edas h\u00e1biles.<\/p>\n<p id=\"u34775-36\">5. En caso de haber concluido las 216 hrs de SESU, el alumno podr\u00e1 solicitar v\u00eda correo electr\u00f3nico (ssfcbujed@gmail.com) su Constancia de Cumplimiento del SESU, que podr\u00e1 pasar a recoger a la Coordinaci\u00f3n de Servicio Social en un lapso de siete d\u00edas h\u00e1biles.<span style=\"color: var( --e-global-color-text ); font-family: var( --e-global-typography-text-font-family ), Sans-serif; font-weight: var( --e-global-typography-text-font-weight );\">&nbsp;<\/span><\/p>\n<\/div><\/div>\n\t\t\t\t<\/div>\n\t\t\t\t<\/div>\n\t\t\t\t<div class=\"elementor-element elementor-element-e41cf72 elementor-align-center elementor-widget elementor-widget-button\" data-id=\"e41cf72\" data-element_type=\"widget\" data-widget_type=\"button.default\">\n\t\t\t\t<div class=\"elementor-widget-container\">\n\t\t\t\t\t<div class=\"elementor-button-wrapper\">\n\t\t\t<a href=\"https:\/\/mx.fcbujed.com\/mx\/wp-content\/uploads\/2022\/02\/LISTA-DE-DOCENTES-SESU-A-2022-1.pdf\" target=\"_blank\" class=\"elementor-button-link elementor-button elementor-size-sm\" role=\"button\">\n\t\t\t\t\t\t<span class=\"elementor-button-content-wrapper\">\n\t\t\t\t\t\t<span class=\"elementor-button-text\">Lista de maestros disponibles SEMESTRE B 2022<\/span>\n\t\t<\/span>\n\t\t\t\t\t<\/a>\n\t\t<\/div>\n\t\t\t\t<\/div>\n\t\t\t\t<\/div>\n\t\t\t\t<div class=\"elementor-element elementor-element-4610720 elementor-widget elementor-widget-text-editor\" data-id=\"4610720\" data-element_type=\"widget\" data-widget_type=\"text-editor.default\">\n\t\t\t\t<div class=\"elementor-widget-container\">\n\t\t\t\t\t<div class=\"elementor-text-editor elementor-clearfix\"><div id=\"u34775-61\" class=\"clearfix colelem\" data-muse-temp-textcontainer-sizepolicy=\"true\" data-muse-temp-textcontainer-pinning=\"true\"><p id=\"u34775-2\"><strong style=\"color: inherit; font-family: inherit; font-size: 1.25rem;\">SERVICIO SOCIAL PASANTE (SESPA):<\/strong><\/p><p id=\"u34775-44\">TR\u00c1MITE<\/p><p id=\"u34775-46\">1. Acude con el Lic. \u00c1ngel Samuel de la Torre Esparza, Coordinador de Vinculaci\u00f3n (angelsamuel@ujed.mx) para que se te asigne el lugar donde realizar\u00e1s tu Servicio de Pasante; se te otorgar\u00e1 un OFICIO DE ASIGNACI\u00d3N.<\/p><p id=\"u34775-48\">2. Deber\u00e1s acudir con la Coordinadora de Servicio Social, Dra. Cristina Garc\u00eda de la Pe\u00f1a y entregarle el oficio de asignaci\u00f3n. Ella te indicar\u00e1 los formatos que deber\u00e1s llenar para darte de alta en tu Servicio Social.<\/p><p id=\"u34775-50\">3. Deber\u00e1s acudir a Secretar\u00eda Acad\u00e9mica para recoger tu CARTA DE PRESENTACI\u00d3N y llevarla al lugar asignado para que realices tu servicio social.<\/p><p id=\"u34775-52\">4. Deber\u00e1s solicitar una CARTA DE ACEPTACI\u00d3N por parte del encargado de tu Servicio Social y entregarla al Secretario Acad\u00e9mico de la FCB-UJED, M.C. Homero S\u00e1nchez Galv\u00e1n.<\/p><p id=\"u34775-54\">5. Realiza tu Servicio social en un plazo m\u00ednimo de 6 meses (480 hrs).<\/p><p id=\"u34775-56\">6. Al t\u00e9rmino de tu servicio social deber\u00e1s solicitar una CARTA CONSTANCIA de conclusi\u00f3n del servicio social que deber\u00e1s entregar a la Coordinadora del Servicio Social.<\/p><p id=\"u34775-58\">7. Deber\u00e1s solicitar tu CARTA DE LIBERACI\u00d3N de Servicio Social de Pasante en la Secretar\u00eda Acad\u00e9mica de la FCB-UJED. Esta carta es de suma importancia para tramitar tu c\u00e9dula profesional.<\/p><\/div><div id=\"u34776-15\" class=\"clearfix colelem\" data-muse-temp-textcontainer-sizepolicy=\"true\" data-muse-temp-textcontainer-pinning=\"true\"><p style=\"text-align: center;\"><strong><br \/>PARA MAYORES INFORMES:<\/strong><br \/><strong>Dra. Cristina Garc\u00eda de la Pe\u00f1a<\/strong><br \/><strong>Coordinaci\u00f3n de Servicio Social FCB UJED<\/strong><\/p><p style=\"text-align: center;\"><strong>Av. Universidad S\/N Fracc. Filadelfia, G\u00f3mez Palacio, Dgo. C.P 35010 \/ Tel. 7152077<\/strong><\/p><\/div><\/div>\n\t\t\t\t<\/div>\n\t\t\t\t<\/div>\n\t\t\t\t\t<\/div>\n\t\t<\/div>\n\t\t\t\t\t\t\t<\/div>\n\t\t<\/section>\n\t\t\t\t\t\t<\/div>\n\t\t\t\t\t<\/div>\n\t\t","protected":false},"excerpt":{"rendered":"<p>Una forma de Extensi\u00f3n Universitaria que permite la vinculaci\u00f3n de la propia Universidad con la comunidad, es el Servicio Social obligatorio, el cual constituye un elemento integrador de las funciones de docencia, investigaci\u00f3n un difusi\u00f3n de la cultura y la extensi\u00f3n de los servicios, en los sectores productivos y de&hellip;<\/p>\n","protected":false},"author":1,"featured_media":0,"parent":0,"menu_order":0,"comment_status":"closed","ping_status":"closed","template":"","meta":[],"_links":{"self":[{"href":"https:\/\/mx.fcbujed.com\/mx\/wp-json\/wp\/v2\/pages\/752"}],"collection":[{"href":"https:\/\/mx.fcbujed.com\/mx\/wp-json\/wp\/v2\/pages"}],"about":[{"href":"https:\/\/mx.fcbujed.com\/mx\/wp-json\/wp\/v2\/types\/page"}],"author":[{"embeddable":true,"href":"https:\/\/mx.fcbujed.com\/mx\/wp-json\/wp\/v2\/users\/1"}],"replies":[{"embeddable":true,"href":"https:\/\/mx.fcbujed.com\/mx\/wp-json\/wp\/v2\/comments?post=752"}],"version-history":[{"count":22,"href":"https:\/\/mx.fcbujed.com\/mx\/wp-json\/wp\/v2\/pages\/752\/revisions"}],"predecessor-version":[{"id":1667,"href":"https:\/\/mx.fcbujed.com\/mx\/wp-json\/wp\/v2\/pages\/752\/revisions\/1667"}],"wp:attachment":[{"href":"https:\/\/mx.fcbujed.com\/mx\/wp-json\/wp\/v2\/media?parent=752"}],"curies":[{"name":"wp","href":"https:\/\/api.w.org\/{rel}","templated":true}]}}