{"id":739,"date":"2021-02-21T20:33:52","date_gmt":"2021-02-21T20:33:52","guid":{"rendered":"https:\/\/mx.fcbujed.com\/mx\/?page_id=739"},"modified":"2021-02-21T20:37:35","modified_gmt":"2021-02-21T20:37:35","slug":"vinculacion","status":"publish","type":"page","link":"https:\/\/mx.fcbujed.com\/mx\/vinculacion\/","title":{"rendered":"Vinculaci\u00f3n"},"content":{"rendered":"\t\t<div data-elementor-type=\"wp-page\" data-elementor-id=\"739\" class=\"elementor elementor-739\" data-elementor-settings=\"[]\">\n\t\t\t\t\t\t\t<div class=\"elementor-section-wrap\">\n\t\t\t\t\t\t\t<section class=\"elementor-section elementor-top-section elementor-element elementor-element-06528b8 elementor-section-boxed elementor-section-height-default elementor-section-height-default\" data-id=\"06528b8\" data-element_type=\"section\">\n\t\t\t\t\t\t<div class=\"elementor-container elementor-column-gap-default\">\n\t\t\t\t\t<div class=\"elementor-column elementor-col-100 elementor-top-column elementor-element elementor-element-3fc45d8\" data-id=\"3fc45d8\" data-element_type=\"column\">\n\t\t\t<div class=\"elementor-widget-wrap elementor-element-populated\">\n\t\t\t\t\t\t\t\t<div class=\"elementor-element elementor-element-c79671f elementor-widget elementor-widget-text-editor\" data-id=\"c79671f\" data-element_type=\"widget\" data-widget_type=\"text-editor.default\">\n\t\t\t\t<div class=\"elementor-widget-container\">\n\t\t\t\t\t<div class=\"elementor-text-editor elementor-clearfix\"><p>La vinculaci\u00f3n de la FCB UJED con los diferentes sectores debe ser mediante acciones de asesor\u00eda, capacitaci\u00f3n, formaci\u00f3n de recursos humanos, generaci\u00f3n y aplicaci\u00f3n del conocimiento.<\/p><p><strong>Objetivo General<\/strong><\/p><p>Acercar las fuentes del conocimiento cient\u00edfico y tecnol\u00f3gico a las unidades de producci\u00f3n de bienes y servicios. Con una orientaci\u00f3n que contribuya a identificar y dar respuesta a las necesidades y problemas del entorno, as\u00ed como preservar y difundir la cultura, seg\u00fan su \u00e1mbito de acci\u00f3n.<\/p><p><strong>Objetivos Espec\u00edficos<\/strong><\/p><p>Fortalecer la funci\u00f3n social de la Universidad con acciones que proyecten a la sociedad los beneficios de la ciencia, la tecnolog\u00eda y el arte, como coadyuvantes de su desarrollo.<\/p><p>Hacer de la extensi\u00f3n un verdadero elemento, que integre las tres funciones sustantivas de la Universidad.<\/p><p>Aportar alternativas, respuestas y soluciones a problemas espec\u00edficos del sector productivo.<\/p><p>Responder a las necesidades prioritarias y estrat\u00e9gicas del desarrollo estatal.<\/p><p><strong>Estrategias<\/strong><\/p><p>Identificar, los productos y servicios en materia de vinculaci\u00f3n de las diferentes unidades acad\u00e9micas de la UJED que est\u00e9n en condiciones de ofertar.<\/p><p>Promover la colaboraci\u00f3n intra e interinstitucional, de acuerdo con las necesidades y pol\u00edticas de la UJED.<\/p><p>Fomentar la interrelaci\u00f3n de las unidades acad\u00e9micas de la UJED con el sector social y productivo.<\/p><p>Promover la vinculaci\u00f3n como una estrategia acad\u00e9mica.<\/p><p><strong>Acciones<\/strong><\/p><p>Promover la vinculaci\u00f3n como una estrategia acad\u00e9mica que garantice mayor pertinencia de los programas de formaci\u00f3n de profesionales.<\/p><p>Promover el desarrollo de proyectos de investigaci\u00f3n de car\u00e1cter interdisciplinario tendientes a resolver problemas prioritarios del entorno y plantear alternativas para su soluci\u00f3n.<\/p><p>Dise\u00f1ar mecanismos para el seguimiento y evaluaci\u00f3n de las actividades de vinculaci\u00f3n.<\/p><p>Promover la colaboraci\u00f3n interinstitucional de acuerdo a las necesidades y pol\u00edticas de la UJED, procurando la participaci\u00f3n de dependencias y entidades del sector p\u00fablico, de empresas privadas y organizaciones sociales.<\/p><\/div>\n\t\t\t\t<\/div>\n\t\t\t\t<\/div>\n\t\t\t\t\t<\/div>\n\t\t<\/div>\n\t\t\t\t\t\t\t<\/div>\n\t\t<\/section>\n\t\t\t\t<section class=\"elementor-section elementor-top-section elementor-element elementor-element-e99e235 elementor-section-boxed elementor-section-height-default elementor-section-height-default\" data-id=\"e99e235\" data-element_type=\"section\">\n\t\t\t\t\t\t<div class=\"elementor-container elementor-column-gap-default\">\n\t\t\t\t\t<div class=\"elementor-column elementor-col-50 elementor-top-column elementor-element elementor-element-f8ae9f6\" data-id=\"f8ae9f6\" data-element_type=\"column\">\n\t\t\t<div class=\"elementor-widget-wrap elementor-element-populated\">\n\t\t\t\t\t\t\t\t<div class=\"elementor-element elementor-element-f66d0e2 elementor-align-center elementor-widget elementor-widget-button\" data-id=\"f66d0e2\" data-element_type=\"widget\" data-widget_type=\"button.default\">\n\t\t\t\t<div class=\"elementor-widget-container\">\n\t\t\t\t\t<div class=\"elementor-button-wrapper\">\n\t\t\t<a href=\"#\" class=\"elementor-button-link elementor-button elementor-size-sm\" role=\"button\">\n\t\t\t\t\t\t<span class=\"elementor-button-content-wrapper\">\n\t\t\t\t\t\t<span class=\"elementor-button-text\">Instituciones receptoras SESPA - Pr\u00e1cticas<\/span>\n\t\t<\/span>\n\t\t\t\t\t<\/a>\n\t\t<\/div>\n\t\t\t\t<\/div>\n\t\t\t\t<\/div>\n\t\t\t\t\t<\/div>\n\t\t<\/div>\n\t\t\t\t<div class=\"elementor-column elementor-col-50 elementor-top-column elementor-element elementor-element-5940b89\" data-id=\"5940b89\" data-element_type=\"column\">\n\t\t\t<div class=\"elementor-widget-wrap elementor-element-populated\">\n\t\t\t\t\t\t\t\t<div class=\"elementor-element elementor-element-a389d96 elementor-align-center elementor-widget elementor-widget-button\" data-id=\"a389d96\" data-element_type=\"widget\" data-widget_type=\"button.default\">\n\t\t\t\t<div class=\"elementor-widget-container\">\n\t\t\t\t\t<div class=\"elementor-button-wrapper\">\n\t\t\t<a href=\"http:\/\/fcbujed.com\/Documentos\/BITACORA%20DE%20CONVENIOS%20FCB.pdf\" class=\"elementor-button-link elementor-button elementor-size-sm\" role=\"button\">\n\t\t\t\t\t\t<span class=\"elementor-button-content-wrapper\">\n\t\t\t\t\t\t<span class=\"elementor-button-text\">Relaci\u00f3n de Convenios FCB UJED<\/span>\n\t\t<\/span>\n\t\t\t\t\t<\/a>\n\t\t<\/div>\n\t\t\t\t<\/div>\n\t\t\t\t<\/div>\n\t\t\t\t\t<\/div>\n\t\t<\/div>\n\t\t\t\t\t\t\t<\/div>\n\t\t<\/section>\n\t\t\t\t<section class=\"elementor-section elementor-top-section elementor-element elementor-element-02d329f elementor-section-boxed elementor-section-height-default elementor-section-height-default\" data-id=\"02d329f\" data-element_type=\"section\">\n\t\t\t\t\t\t<div class=\"elementor-container elementor-column-gap-default\">\n\t\t\t\t\t<div class=\"elementor-column elementor-col-100 elementor-top-column elementor-element elementor-element-3b7577f\" data-id=\"3b7577f\" data-element_type=\"column\">\n\t\t\t<div class=\"elementor-widget-wrap elementor-element-populated\">\n\t\t\t\t\t\t\t\t<div class=\"elementor-element elementor-element-da356dc elementor-widget elementor-widget-text-editor\" data-id=\"da356dc\" data-element_type=\"widget\" data-widget_type=\"text-editor.default\">\n\t\t\t\t<div class=\"elementor-widget-container\">\n\t\t\t\t\t<div class=\"elementor-text-editor elementor-clearfix\"><p style=\"text-align: center;\"><strong>PARA MAYORES INFORMES:<br \/>Coordinaci\u00f3n de Vinculaci\u00f3n FCB UJED<br \/><\/strong><strong>Lic. Angel Samuel de la Torre Esparza<br \/>angelsamuel@ujed.mx<\/strong><\/p><p style=\"text-align: center;\"><strong>Av. Universidad S\/N Fracc. Filadelfia, G\u00f3mez Palacio, Dgo. C.P 35010\u00a0 \/\u00a0 Tel. 7152077<\/strong><\/p><\/div>\n\t\t\t\t<\/div>\n\t\t\t\t<\/div>\n\t\t\t\t\t<\/div>\n\t\t<\/div>\n\t\t\t\t\t\t\t<\/div>\n\t\t<\/section>\n\t\t\t\t\t\t<\/div>\n\t\t\t\t\t<\/div>\n\t\t","protected":false},"excerpt":{"rendered":"<p>La vinculaci\u00f3n de la FCB UJED con los diferentes sectores debe ser mediante acciones de asesor\u00eda, capacitaci\u00f3n, formaci\u00f3n de recursos humanos, generaci\u00f3n y aplicaci\u00f3n del conocimiento. Objetivo General Acercar las fuentes del conocimiento cient\u00edfico y tecnol\u00f3gico a las unidades de producci\u00f3n de bienes y servicios. Con una orientaci\u00f3n que contribuya&hellip;<\/p>\n","protected":false},"author":1,"featured_media":0,"parent":0,"menu_order":0,"comment_status":"closed","ping_status":"closed","template":"","meta":[],"_links":{"self":[{"href":"https:\/\/mx.fcbujed.com\/mx\/wp-json\/wp\/v2\/pages\/739"}],"collection":[{"href":"https:\/\/mx.fcbujed.com\/mx\/wp-json\/wp\/v2\/pages"}],"about":[{"href":"https:\/\/mx.fcbujed.com\/mx\/wp-json\/wp\/v2\/types\/page"}],"author":[{"embeddable":true,"href":"https:\/\/mx.fcbujed.com\/mx\/wp-json\/wp\/v2\/users\/1"}],"replies":[{"embeddable":true,"href":"https:\/\/mx.fcbujed.com\/mx\/wp-json\/wp\/v2\/comments?post=739"}],"version-history":[{"count":4,"href":"https:\/\/mx.fcbujed.com\/mx\/wp-json\/wp\/v2\/pages\/739\/revisions"}],"predecessor-version":[{"id":743,"href":"https:\/\/mx.fcbujed.com\/mx\/wp-json\/wp\/v2\/pages\/739\/revisions\/743"}],"wp:attachment":[{"href":"https:\/\/mx.fcbujed.com\/mx\/wp-json\/wp\/v2\/media?parent=739"}],"curies":[{"name":"wp","href":"https:\/\/api.w.org\/{rel}","templated":true}]}}