{"id":719,"date":"2021-02-21T20:27:47","date_gmt":"2021-02-21T20:27:47","guid":{"rendered":"https:\/\/mx.fcbujed.com\/mx\/?page_id=719"},"modified":"2021-02-23T17:58:49","modified_gmt":"2021-02-23T17:58:49","slug":"depto-psicopedagogico","status":"publish","type":"page","link":"https:\/\/mx.fcbujed.com\/mx\/depto-psicopedagogico\/","title":{"rendered":"Dpto Psicopedag\u00f3gico"},"content":{"rendered":"\t\t<div data-elementor-type=\"wp-page\" data-elementor-id=\"719\" class=\"elementor elementor-719\" data-elementor-settings=\"[]\">\n\t\t\t\t\t\t\t<div class=\"elementor-section-wrap\">\n\t\t\t\t\t\t\t<section class=\"elementor-section elementor-top-section elementor-element elementor-element-e76d9ce elementor-section-boxed elementor-section-height-default elementor-section-height-default\" data-id=\"e76d9ce\" data-element_type=\"section\">\n\t\t\t\t\t\t<div class=\"elementor-container elementor-column-gap-default\">\n\t\t\t\t\t<div class=\"elementor-column elementor-col-100 elementor-top-column elementor-element elementor-element-ff10018\" data-id=\"ff10018\" data-element_type=\"column\">\n\t\t\t<div class=\"elementor-widget-wrap elementor-element-populated\">\n\t\t\t\t\t\t\t\t<div class=\"elementor-element elementor-element-5e2cfe8 elementor-widget elementor-widget-text-editor\" data-id=\"5e2cfe8\" data-element_type=\"widget\" data-widget_type=\"text-editor.default\">\n\t\t\t\t<div class=\"elementor-widget-container\">\n\t\t\t\t\t<div class=\"elementor-text-editor elementor-clearfix\"><p><img loading=\"lazy\" class=\"size-medium wp-image-724 alignleft\" src=\"https:\/\/mx.fcbujed.com\/mx\/wp-content\/uploads\/2021\/02\/img_2204-crop-u48519-300x272.jpg\" alt=\"\" width=\"300\" height=\"272\" srcset=\"https:\/\/mx.fcbujed.com\/mx\/wp-content\/uploads\/2021\/02\/img_2204-crop-u48519-300x272.jpg 300w, https:\/\/mx.fcbujed.com\/mx\/wp-content\/uploads\/2021\/02\/img_2204-crop-u48519.jpg 752w\" sizes=\"(max-width: 300px) 100vw, 300px\" \/>En la actualidad las pol\u00edticas educativas establecen que se debe contar con un programa de formaci\u00f3n integral para los alumnos, en donde se tenga en cuenta las diversas problem\u00e1ticas que puedan surgir en el proceso ense\u00f1anza-aprendizaje.<\/p><p>Es por eso la raz\u00f3n de ser del departamento psicopedag\u00f3gico, en donde se trabajan las diversas problem\u00e1ticas personales de los alumnos, las cuales impidan la concentraci\u00f3n o traten de truncar el \u00e1rea acad\u00e9mica.<\/p><p><strong>MISI\u00d3N<\/strong><\/p><p>Contribuir a mejorar la calidad de la educaci\u00f3n integral, mediante la ejecuci\u00f3n de programas y actividades que coadyuven en el cumplimiento del proceso ense\u00f1anza aprendizaje, proporcionando la detecci\u00f3n psicol\u00f3gica y evaluaci\u00f3n psicol\u00f3gica a toda aq<span style=\"color: var( --e-global-color-text ); font-family: var( --e-global-typography-text-font-family ), Sans-serif; font-weight: var( --e-global-typography-text-font-weight );\">uella dificultad que interfiera, con el fin de aportar una introspecci\u00f3n de mejora continua en el alumno.<\/span><\/p><p><strong>VISI\u00d3N<\/strong><\/p><p>Integrar en la Facultad de Ciencias Biol\u00f3gicas un \u00e1rea que apoye las actividades del proceso ense\u00f1anza-aprendizaje, adem\u00e1s evaluar y analizar la factibilidad de implementar programas nuevos que mejoren la estructura interna de los alumnos.<\/p><p><img loading=\"lazy\" class=\"size-medium wp-image-723 alignright\" style=\"color: var( --e-global-color-text ); font-family: var( --e-global-typography-text-font-family ), Sans-serif; font-weight: var( --e-global-typography-text-font-weight );\" src=\"https:\/\/mx.fcbujed.com\/mx\/wp-content\/uploads\/2021\/02\/img_2198-crop-u35779-300x272.jpg\" alt=\"\" width=\"300\" height=\"272\" srcset=\"https:\/\/mx.fcbujed.com\/mx\/wp-content\/uploads\/2021\/02\/img_2198-crop-u35779-300x272.jpg 300w, https:\/\/mx.fcbujed.com\/mx\/wp-content\/uploads\/2021\/02\/img_2198-crop-u35779.jpg 752w\" sizes=\"(max-width: 300px) 100vw, 300px\" \/><strong>OBJETIVO GENERAL<\/strong><\/p><p>Implementar programas y estudios de evaluaci\u00f3n educativa, que colaboren en la correcta toma de decisiones en todos los \u00e1mbitos dentro del proceso ense\u00f1anza aprendizaje, por medio de un equilibrio emocional del alumno.<\/p><p><strong>OBJETIVOS ESPEC\u00cdFICOS<\/strong><\/p><p>1. Favorecer su adaptaci\u00f3n a la vida escolar universitaria.<\/p><p>2. Capacitaci\u00f3n en el autoaprendizaje proporcionando t\u00e9cnicas y m\u00e9todos de estudios efectivos y promoviendo el desarrollo de h\u00e1bitos de estudio.<\/p><p>3. Selecci\u00f3n a alumnos de nuevo ingreso.<\/p><p>4. Consejer\u00eda a los alumnos<\/p><p>5. Canalizaci\u00f3n de alumnos con problem\u00e1ticas agudas<\/p><\/div>\n\t\t\t\t<\/div>\n\t\t\t\t<\/div>\n\t\t\t\t\t<\/div>\n\t\t<\/div>\n\t\t\t\t\t\t\t<\/div>\n\t\t<\/section>\n\t\t\t\t\t\t<\/div>\n\t\t\t\t\t<\/div>\n\t\t","protected":false},"excerpt":{"rendered":"<p>En la actualidad las pol\u00edticas educativas establecen que se debe contar con un programa de formaci\u00f3n integral para los alumnos, en donde se tenga en cuenta las diversas problem\u00e1ticas que puedan surgir en el proceso ense\u00f1anza-aprendizaje. Es por eso la raz\u00f3n de ser del departamento psicopedag\u00f3gico, en donde se trabajan&hellip;<\/p>\n","protected":false},"author":1,"featured_media":0,"parent":0,"menu_order":0,"comment_status":"closed","ping_status":"closed","template":"","meta":[],"_links":{"self":[{"href":"https:\/\/mx.fcbujed.com\/mx\/wp-json\/wp\/v2\/pages\/719"}],"collection":[{"href":"https:\/\/mx.fcbujed.com\/mx\/wp-json\/wp\/v2\/pages"}],"about":[{"href":"https:\/\/mx.fcbujed.com\/mx\/wp-json\/wp\/v2\/types\/page"}],"author":[{"embeddable":true,"href":"https:\/\/mx.fcbujed.com\/mx\/wp-json\/wp\/v2\/users\/1"}],"replies":[{"embeddable":true,"href":"https:\/\/mx.fcbujed.com\/mx\/wp-json\/wp\/v2\/comments?post=719"}],"version-history":[{"count":10,"href":"https:\/\/mx.fcbujed.com\/mx\/wp-json\/wp\/v2\/pages\/719\/revisions"}],"predecessor-version":[{"id":929,"href":"https:\/\/mx.fcbujed.com\/mx\/wp-json\/wp\/v2\/pages\/719\/revisions\/929"}],"wp:attachment":[{"href":"https:\/\/mx.fcbujed.com\/mx\/wp-json\/wp\/v2\/media?parent=719"}],"curies":[{"name":"wp","href":"https:\/\/api.w.org\/{rel}","templated":true}]}}