{"id":709,"date":"2021-02-21T20:21:21","date_gmt":"2021-02-21T20:21:21","guid":{"rendered":"https:\/\/mx.fcbujed.com\/mx\/?page_id=709"},"modified":"2021-02-21T20:23:34","modified_gmt":"2021-02-21T20:23:34","slug":"formacion-integral","status":"publish","type":"page","link":"https:\/\/mx.fcbujed.com\/mx\/formacion-integral\/","title":{"rendered":"Formaci\u00f3n Integral"},"content":{"rendered":"\t\t<div data-elementor-type=\"wp-page\" data-elementor-id=\"709\" class=\"elementor elementor-709\" data-elementor-settings=\"[]\">\n\t\t\t\t\t\t\t<div class=\"elementor-section-wrap\">\n\t\t\t\t\t\t\t<section class=\"elementor-section elementor-top-section elementor-element elementor-element-47e9f01 elementor-section-boxed elementor-section-height-default elementor-section-height-default\" data-id=\"47e9f01\" data-element_type=\"section\">\n\t\t\t\t\t\t<div class=\"elementor-container elementor-column-gap-default\">\n\t\t\t\t\t<div class=\"elementor-column elementor-col-100 elementor-top-column elementor-element elementor-element-63e49d5\" data-id=\"63e49d5\" data-element_type=\"column\">\n\t\t\t<div class=\"elementor-widget-wrap elementor-element-populated\">\n\t\t\t\t\t\t\t\t<div class=\"elementor-element elementor-element-7d2be0b elementor-widget elementor-widget-text-editor\" data-id=\"7d2be0b\" data-element_type=\"widget\" data-widget_type=\"text-editor.default\">\n\t\t\t\t<div class=\"elementor-widget-container\">\n\t\t\t\t\t<div class=\"elementor-text-editor elementor-clearfix\"><p style=\"text-align: justify;\">La UJED utiliza un modelo centrado en el aprendizaje m\u00e1s que en la ense\u00f1anza y presupone el desarrollo de conocimientos, buscando ense\u00f1ar a los estudiantes a aprender a conocer; adaptar y aplicar el saber a nuevas situaciones (saber hacer y emprender), posibilitar el conocimiento de s\u00ed mismo y de los otros propiciando la tolerancia en la diversidad (vivir juntos) as\u00ed como, forjar la propia naturaleza humana mediante una responsabilidad consigo mismo, los dem\u00e1s y el entorno (aprender a ser y a amar).<\/p><\/div>\n\t\t\t\t<\/div>\n\t\t\t\t<\/div>\n\t\t\t\t<div class=\"elementor-element elementor-element-e0d2f3e elementor-arrows-position-inside elementor-pagination-position-outside elementor-widget elementor-widget-image-carousel\" data-id=\"e0d2f3e\" data-element_type=\"widget\" data-settings=\"{&quot;slides_to_show&quot;:&quot;1&quot;,&quot;navigation&quot;:&quot;both&quot;,&quot;autoplay&quot;:&quot;yes&quot;,&quot;pause_on_hover&quot;:&quot;yes&quot;,&quot;pause_on_interaction&quot;:&quot;yes&quot;,&quot;autoplay_speed&quot;:5000,&quot;infinite&quot;:&quot;yes&quot;,&quot;effect&quot;:&quot;slide&quot;,&quot;speed&quot;:500}\" data-widget_type=\"image-carousel.default\">\n\t\t\t\t<div class=\"elementor-widget-container\">\n\t\t\t\t\t<div class=\"elementor-image-carousel-wrapper swiper-container\" dir=\"ltr\">\n\t\t\t<div class=\"elementor-image-carousel swiper-wrapper\">\n\t\t\t\t<div class=\"swiper-slide\"><a data-elementor-open-lightbox=\"yes\" data-elementor-lightbox-slideshow=\"e0d2f3e\" href=\"https:\/\/mx.fcbujed.com\/mx\/wp-content\/uploads\/2021\/02\/02-crop-u47476.jpg\"><figure class=\"swiper-slide-inner\"><img class=\"swiper-slide-image\" src=\"https:\/\/mx.fcbujed.com\/mx\/wp-content\/uploads\/2021\/02\/02-crop-u47476.jpg\" alt=\"\" \/><\/figure><\/a><\/div><div class=\"swiper-slide\"><a data-elementor-open-lightbox=\"yes\" data-elementor-lightbox-slideshow=\"e0d2f3e\" href=\"https:\/\/mx.fcbujed.com\/mx\/wp-content\/uploads\/2021\/02\/05-crop-u47538.jpg\"><figure class=\"swiper-slide-inner\"><img class=\"swiper-slide-image\" src=\"https:\/\/mx.fcbujed.com\/mx\/wp-content\/uploads\/2021\/02\/05-crop-u47538.jpg\" alt=\"\" \/><\/figure><\/a><\/div><div class=\"swiper-slide\"><a data-elementor-open-lightbox=\"yes\" data-elementor-lightbox-slideshow=\"e0d2f3e\" href=\"https:\/\/mx.fcbujed.com\/mx\/wp-content\/uploads\/2021\/02\/23509053_1420580988040732_2735751756316009216_o-crop-u47569.jpg\"><figure class=\"swiper-slide-inner\"><img class=\"swiper-slide-image\" src=\"https:\/\/mx.fcbujed.com\/mx\/wp-content\/uploads\/2021\/02\/23509053_1420580988040732_2735751756316009216_o-crop-u47569.jpg\" alt=\"\" \/><\/figure><\/a><\/div><div class=\"swiper-slide\"><a data-elementor-open-lightbox=\"yes\" data-elementor-lightbox-slideshow=\"e0d2f3e\" href=\"https:\/\/mx.fcbujed.com\/mx\/wp-content\/uploads\/2021\/02\/03-crop-u47507.jpg\"><figure class=\"swiper-slide-inner\"><img class=\"swiper-slide-image\" src=\"https:\/\/mx.fcbujed.com\/mx\/wp-content\/uploads\/2021\/02\/03-crop-u47507.jpg\" alt=\"\" \/><\/figure><\/a><\/div><div class=\"swiper-slide\"><a data-elementor-open-lightbox=\"yes\" data-elementor-lightbox-slideshow=\"e0d2f3e\" href=\"https:\/\/mx.fcbujed.com\/mx\/wp-content\/uploads\/2021\/02\/01-crop-u47365.jpg\"><figure class=\"swiper-slide-inner\"><img class=\"swiper-slide-image\" src=\"https:\/\/mx.fcbujed.com\/mx\/wp-content\/uploads\/2021\/02\/01-crop-u47365.jpg\" alt=\"\" \/><\/figure><\/a><\/div>\t\t\t<\/div>\n\t\t\t\t\t\t\t\t\t\t\t\t<div class=\"swiper-pagination\"><\/div>\n\t\t\t\t\t\t\t\t\t\t\t\t\t<div class=\"elementor-swiper-button elementor-swiper-button-prev\">\n\t\t\t\t\t\t<i class=\"eicon-chevron-left\" aria-hidden=\"true\"><\/i>\n\t\t\t\t\t\t<span class=\"elementor-screen-only\">Anterior<\/span>\n\t\t\t\t\t<\/div>\n\t\t\t\t\t<div class=\"elementor-swiper-button elementor-swiper-button-next\">\n\t\t\t\t\t\t<i class=\"eicon-chevron-right\" aria-hidden=\"true\"><\/i>\n\t\t\t\t\t\t<span class=\"elementor-screen-only\">Siguiente<\/span>\n\t\t\t\t\t<\/div>\n\t\t\t\t\t\t\t\t\t<\/div>\n\t\t\t\t<\/div>\n\t\t\t\t<\/div>\n\t\t\t\t<div class=\"elementor-element elementor-element-6e1a196 elementor-widget elementor-widget-text-editor\" data-id=\"6e1a196\" data-element_type=\"widget\" data-widget_type=\"text-editor.default\">\n\t\t\t\t<div class=\"elementor-widget-container\">\n\t\t\t\t\t<div class=\"elementor-text-editor elementor-clearfix\"><p style=\"text-align: justify;\">Para la perspectiva anterior la Formaci\u00f3n Integral ofrece distintos servicios curriculares y co-curriculares, cuyo objetivo com\u00fan\u00a0 es complementar la formaci\u00f3n de los estudiantes en atenci\u00f3n no s\u00f3lo a sus necesidades como futuros profesionistas, sino tambi\u00e9n como personas cuyo desarrollo integral implica la consideraci\u00f3n de muchas otras dimensiones y aspectos tanto de su vida como de sus relaciones con los dem\u00e1s y de la sociedad en la que se desenvuelven.<\/p>\n<p style=\"text-align: justify;\">El fin que se persigue en el Modelo Educativo Institucional vigente, persigue que los estudiantes de nuestra universidad fortalezcan su formaci\u00f3n integral, entendida \u00e9sta desde la misi\u00f3n de educar a la juventud, buscando propiciar una formaci\u00f3n que equilibre, capaz de conjuntar la mayor parte de las dimensiones humanas: intelectual, \u00e9tica, social y profesional.<\/p>\n<p style=\"text-align: justify;\">Desde la perspectiva anterior deducimos que la Formaci\u00f3n Integral ofrece distintos servicios curriculares y co-curriculares, cuyo objetivo com\u00fan\u00a0 es complementar la formaci\u00f3n de nuestros estudiantes en atenci\u00f3n no s\u00f3lo a sus necesidades como futuros profesionistas, sino tambi\u00e9n como personas cuyo desarrollo integral implica la consideraci\u00f3n de las dimensiones conceptuales, procedimentales y actitudinales que propicien su formaci\u00f3n humanista y ambientalista (en lo educativo) y profesional y tecnol\u00f3gica (en lo instructivo).<\/p>\n<p style=\"text-align: justify;\">El apoyo a la formaci\u00f3n integral es a trav\u00e9s de un men\u00fa de opciones art\u00edsticas, culturales, deportivas, de vinculaci\u00f3n e intelectuales ofrecidas por las instancias universitarias relacionadas con este tipo de actividades.<\/p><\/div>\n\t\t\t\t<\/div>\n\t\t\t\t<\/div>\n\t\t\t\t\t<\/div>\n\t\t<\/div>\n\t\t\t\t\t\t\t<\/div>\n\t\t<\/section>\n\t\t\t\t<section class=\"elementor-section elementor-top-section elementor-element elementor-element-f552042 elementor-section-boxed elementor-section-height-default elementor-section-height-default\" data-id=\"f552042\" data-element_type=\"section\">\n\t\t\t\t\t\t<div class=\"elementor-container elementor-column-gap-default\">\n\t\t\t\t\t<div class=\"elementor-column elementor-col-100 elementor-top-column elementor-element elementor-element-e10d49a\" data-id=\"e10d49a\" data-element_type=\"column\">\n\t\t\t<div class=\"elementor-widget-wrap\">\n\t\t\t\t\t\t\t\t\t<\/div>\n\t\t<\/div>\n\t\t\t\t\t\t\t<\/div>\n\t\t<\/section>\n\t\t\t\t\t\t<\/div>\n\t\t\t\t\t<\/div>\n\t\t","protected":false},"excerpt":{"rendered":"<p>La UJED utiliza un modelo centrado en el aprendizaje m\u00e1s que en la ense\u00f1anza y presupone el desarrollo de conocimientos, buscando ense\u00f1ar a los estudiantes a aprender a conocer; adaptar y aplicar el saber a nuevas situaciones (saber hacer y emprender), posibilitar el conocimiento de s\u00ed mismo y de los&hellip;<\/p>\n","protected":false},"author":1,"featured_media":0,"parent":0,"menu_order":0,"comment_status":"closed","ping_status":"closed","template":"","meta":[],"_links":{"self":[{"href":"https:\/\/mx.fcbujed.com\/mx\/wp-json\/wp\/v2\/pages\/709"}],"collection":[{"href":"https:\/\/mx.fcbujed.com\/mx\/wp-json\/wp\/v2\/pages"}],"about":[{"href":"https:\/\/mx.fcbujed.com\/mx\/wp-json\/wp\/v2\/types\/page"}],"author":[{"embeddable":true,"href":"https:\/\/mx.fcbujed.com\/mx\/wp-json\/wp\/v2\/users\/1"}],"replies":[{"embeddable":true,"href":"https:\/\/mx.fcbujed.com\/mx\/wp-json\/wp\/v2\/comments?post=709"}],"version-history":[{"count":4,"href":"https:\/\/mx.fcbujed.com\/mx\/wp-json\/wp\/v2\/pages\/709\/revisions"}],"predecessor-version":[{"id":718,"href":"https:\/\/mx.fcbujed.com\/mx\/wp-json\/wp\/v2\/pages\/709\/revisions\/718"}],"wp:attachment":[{"href":"https:\/\/mx.fcbujed.com\/mx\/wp-json\/wp\/v2\/media?parent=709"}],"curies":[{"name":"wp","href":"https:\/\/api.w.org\/{rel}","templated":true}]}}