{"id":701,"date":"2021-02-21T20:15:51","date_gmt":"2021-02-21T20:15:51","guid":{"rendered":"https:\/\/mx.fcbujed.com\/mx\/?page_id=701"},"modified":"2021-02-21T20:18:07","modified_gmt":"2021-02-21T20:18:07","slug":"difusion-cultural","status":"publish","type":"page","link":"https:\/\/mx.fcbujed.com\/mx\/difusion-cultural\/","title":{"rendered":"Difusi\u00f3n Cultural"},"content":{"rendered":"\t\t<div data-elementor-type=\"wp-page\" data-elementor-id=\"701\" class=\"elementor elementor-701\" data-elementor-settings=\"[]\">\n\t\t\t\t\t\t\t<div class=\"elementor-section-wrap\">\n\t\t\t\t\t\t\t<section class=\"elementor-section elementor-top-section elementor-element elementor-element-2206ad8 elementor-section-boxed elementor-section-height-default elementor-section-height-default\" data-id=\"2206ad8\" data-element_type=\"section\">\n\t\t\t\t\t\t<div class=\"elementor-container elementor-column-gap-default\">\n\t\t\t\t\t<div class=\"elementor-column elementor-col-100 elementor-top-column elementor-element elementor-element-ac765d7\" data-id=\"ac765d7\" data-element_type=\"column\">\n\t\t\t<div class=\"elementor-widget-wrap elementor-element-populated\">\n\t\t\t\t\t\t\t\t<section class=\"elementor-section elementor-inner-section elementor-element elementor-element-c09da69 elementor-section-boxed elementor-section-height-default elementor-section-height-default\" data-id=\"c09da69\" data-element_type=\"section\">\n\t\t\t\t\t\t<div class=\"elementor-container elementor-column-gap-default\">\n\t\t\t\t\t<div class=\"elementor-column elementor-col-50 elementor-inner-column elementor-element elementor-element-002c2be\" data-id=\"002c2be\" data-element_type=\"column\">\n\t\t\t<div class=\"elementor-widget-wrap elementor-element-populated\">\n\t\t\t\t\t\t\t\t<div class=\"elementor-element elementor-element-26fdb82 elementor-widget elementor-widget-text-editor\" data-id=\"26fdb82\" data-element_type=\"widget\" data-widget_type=\"text-editor.default\">\n\t\t\t\t<div class=\"elementor-widget-container\">\n\t\t\t\t\t<div class=\"elementor-text-editor elementor-clearfix\"><div id=\"u33388-15\" class=\"clearfix colelem\" data-muse-temp-textcontainer-sizepolicy=\"true\" data-muse-temp-textcontainer-pinning=\"true\"><p>La coordinaci\u00f3n de Difusi\u00f3n Cultural de la Facultad de Ciencias Biol\u00f3gicas, es un \u00e1rea comprometida con el desarrollo integral de los estudiantes de nuestra Facultad, por ello ofrece la oportunidad de acercamiento de apreciaci\u00f3n de las Artes y de la Cultura, mediante la detecci\u00f3n de sus talentos, incidir en el fortalecimiento para la promoci\u00f3n y difusi\u00f3n de la gama de arte; esto se lleva a cabo mediante programas y servicios institucionales, as\u00ed como tambi\u00e9n dentro de la misma Facultad.<\/p><p>La coordinaci\u00f3n de Difusi\u00f3n Cultural de la FCB tiene como objetivos principales:<\/p><p>* Promover en el alumno una serie de conocimientos, habilidades y actitudes que mejoren sus relaciones de acuerdo al arte y cultura con un sentido humano.<\/p><p>* Establecer un enlace entre la Facultad y su entorno social a trav\u00e9s del rescate y fortalecimiento de la difusi\u00f3n de las expresiones art\u00edsticas; procurando permanentemente la promoci\u00f3n de las tradiciones, la preservaci\u00f3n de la identidad institucional y los valores culturales.<\/p><\/div><div id=\"u48488-15\" class=\"clearfix colelem\" data-muse-temp-textcontainer-sizepolicy=\"true\" data-muse-temp-textcontainer-pinning=\"true\"><p style=\"text-align: center;\"><strong>PARA MAYORES INFORMES:<\/strong><\/p><p style=\"text-align: center;\"><strong>Lic. Marilda Nieves Gonz\u00e1lez Rivera<\/strong><br \/><strong>Coordinaci\u00f3n de Difusi\u00f3n Cultural FCB UJED<\/strong><br \/><strong>Av. Universidad S\/N Fracc. Filadelfia, G\u00f3mez Palacio, Dgo.\u00a0<span style=\"color: var( --e-global-color-text ); font-family: var( --e-global-typography-text-font-family ), Sans-serif;\">C.P 35010 \/ Tel. 7152077<\/span><\/strong><\/p><\/div><\/div>\n\t\t\t\t<\/div>\n\t\t\t\t<\/div>\n\t\t\t\t\t<\/div>\n\t\t<\/div>\n\t\t\t\t<div class=\"elementor-column elementor-col-50 elementor-inner-column elementor-element elementor-element-32f97ab\" data-id=\"32f97ab\" data-element_type=\"column\">\n\t\t\t<div class=\"elementor-widget-wrap elementor-element-populated\">\n\t\t\t\t\t\t\t\t<div class=\"elementor-element elementor-element-3597e22 elementor-widget elementor-widget-image\" data-id=\"3597e22\" data-element_type=\"widget\" data-widget_type=\"image.default\">\n\t\t\t\t<div class=\"elementor-widget-container\">\n\t\t\t\t\t<div class=\"elementor-image\">\n\t\t\t\t\t\t\t\t\t\t<img width=\"640\" height=\"580\" src=\"https:\/\/mx.fcbujed.com\/mx\/wp-content\/uploads\/2021\/02\/img_0223-crop-u48416.jpg\" class=\"attachment-large size-large\" alt=\"\" loading=\"lazy\" srcset=\"https:\/\/mx.fcbujed.com\/mx\/wp-content\/uploads\/2021\/02\/img_0223-crop-u48416.jpg 752w, https:\/\/mx.fcbujed.com\/mx\/wp-content\/uploads\/2021\/02\/img_0223-crop-u48416-300x272.jpg 300w\" sizes=\"(max-width: 640px) 100vw, 640px\" \/>\t\t\t\t\t\t\t\t\t\t\t<\/div>\n\t\t\t\t<\/div>\n\t\t\t\t<\/div>\n\t\t\t\t<div class=\"elementor-element elementor-element-807c7ce elementor-widget elementor-widget-image\" data-id=\"807c7ce\" data-element_type=\"widget\" data-widget_type=\"image.default\">\n\t\t\t\t<div class=\"elementor-widget-container\">\n\t\t\t\t\t<div class=\"elementor-image\">\n\t\t\t\t\t\t\t\t\t\t<img width=\"640\" height=\"580\" src=\"https:\/\/mx.fcbujed.com\/mx\/wp-content\/uploads\/2021\/02\/img_0895-crop-u48376.jpg\" class=\"attachment-large size-large\" alt=\"\" loading=\"lazy\" srcset=\"https:\/\/mx.fcbujed.com\/mx\/wp-content\/uploads\/2021\/02\/img_0895-crop-u48376.jpg 752w, https:\/\/mx.fcbujed.com\/mx\/wp-content\/uploads\/2021\/02\/img_0895-crop-u48376-300x272.jpg 300w\" sizes=\"(max-width: 640px) 100vw, 640px\" \/>\t\t\t\t\t\t\t\t\t\t\t<\/div>\n\t\t\t\t<\/div>\n\t\t\t\t<\/div>\n\t\t\t\t\t<\/div>\n\t\t<\/div>\n\t\t\t\t\t\t\t<\/div>\n\t\t<\/section>\n\t\t\t\t\t<\/div>\n\t\t<\/div>\n\t\t\t\t\t\t\t<\/div>\n\t\t<\/section>\n\t\t\t\t\t\t<\/div>\n\t\t\t\t\t<\/div>\n\t\t","protected":false},"excerpt":{"rendered":"<p>La coordinaci\u00f3n de Difusi\u00f3n Cultural de la Facultad de Ciencias Biol\u00f3gicas, es un \u00e1rea comprometida con el desarrollo integral de los estudiantes de nuestra Facultad, por ello ofrece la oportunidad de acercamiento de apreciaci\u00f3n de las Artes y de la Cultura, mediante la detecci\u00f3n de sus talentos, incidir en el&hellip;<\/p>\n","protected":false},"author":1,"featured_media":0,"parent":0,"menu_order":0,"comment_status":"closed","ping_status":"closed","template":"","meta":[],"_links":{"self":[{"href":"https:\/\/mx.fcbujed.com\/mx\/wp-json\/wp\/v2\/pages\/701"}],"collection":[{"href":"https:\/\/mx.fcbujed.com\/mx\/wp-json\/wp\/v2\/pages"}],"about":[{"href":"https:\/\/mx.fcbujed.com\/mx\/wp-json\/wp\/v2\/types\/page"}],"author":[{"embeddable":true,"href":"https:\/\/mx.fcbujed.com\/mx\/wp-json\/wp\/v2\/users\/1"}],"replies":[{"embeddable":true,"href":"https:\/\/mx.fcbujed.com\/mx\/wp-json\/wp\/v2\/comments?post=701"}],"version-history":[{"count":4,"href":"https:\/\/mx.fcbujed.com\/mx\/wp-json\/wp\/v2\/pages\/701\/revisions"}],"predecessor-version":[{"id":708,"href":"https:\/\/mx.fcbujed.com\/mx\/wp-json\/wp\/v2\/pages\/701\/revisions\/708"}],"wp:attachment":[{"href":"https:\/\/mx.fcbujed.com\/mx\/wp-json\/wp\/v2\/media?parent=701"}],"curies":[{"name":"wp","href":"https:\/\/api.w.org\/{rel}","templated":true}]}}