{"id":667,"date":"2021-02-21T19:12:08","date_gmt":"2021-02-21T19:12:08","guid":{"rendered":"https:\/\/mx.fcbujed.com\/mx\/?page_id=667"},"modified":"2023-12-15T20:57:53","modified_gmt":"2023-12-15T20:57:53","slug":"reglamentos","status":"publish","type":"page","link":"https:\/\/mx.fcbujed.com\/mx\/reglamentos\/","title":{"rendered":"Reglamentos"},"content":{"rendered":"\t\t<div data-elementor-type=\"wp-page\" data-elementor-id=\"667\" class=\"elementor elementor-667\" data-elementor-settings=\"[]\">\n\t\t\t\t\t\t\t<div class=\"elementor-section-wrap\">\n\t\t\t\t\t\t\t<section class=\"elementor-section elementor-top-section elementor-element elementor-element-208850f elementor-section-boxed elementor-section-height-default elementor-section-height-default\" data-id=\"208850f\" data-element_type=\"section\">\n\t\t\t\t\t\t<div class=\"elementor-container elementor-column-gap-default\">\n\t\t\t\t\t<div class=\"elementor-column elementor-col-100 elementor-top-column elementor-element elementor-element-ca8b9cc\" data-id=\"ca8b9cc\" data-element_type=\"column\">\n\t\t\t<div class=\"elementor-widget-wrap elementor-element-populated\">\n\t\t\t\t\t\t\t\t<div class=\"elementor-element elementor-element-d1c755e elementor-widget elementor-widget-heading\" data-id=\"d1c755e\" data-element_type=\"widget\" data-widget_type=\"heading.default\">\n\t\t\t\t<div class=\"elementor-widget-container\">\n\t\t\t<h2 class=\"elementor-heading-title elementor-size-default\">REGLAMENTOS VIGENTES\n<\/h2>\t\t<\/div>\n\t\t\t\t<\/div>\n\t\t\t\t\t<\/div>\n\t\t<\/div>\n\t\t\t\t\t\t\t<\/div>\n\t\t<\/section>\n\t\t\t\t<section class=\"elementor-section elementor-top-section elementor-element elementor-element-c7724ea elementor-section-boxed elementor-section-height-default elementor-section-height-default\" data-id=\"c7724ea\" data-element_type=\"section\">\n\t\t\t\t\t\t<div class=\"elementor-container elementor-column-gap-default\">\n\t\t\t\t\t<div class=\"elementor-column elementor-col-50 elementor-top-column elementor-element elementor-element-64788bf\" data-id=\"64788bf\" data-element_type=\"column\">\n\t\t\t<div class=\"elementor-widget-wrap elementor-element-populated\">\n\t\t\t\t\t\t\t\t<div class=\"elementor-element elementor-element-af3e81b elementor-widget elementor-widget-heading\" data-id=\"af3e81b\" data-element_type=\"widget\" data-widget_type=\"heading.default\">\n\t\t\t\t<div class=\"elementor-widget-container\">\n\t\t\t<h4 class=\"elementor-heading-title elementor-size-default\">REGLAMENTOS VIGENTES\n<\/h4>\t\t<\/div>\n\t\t\t\t<\/div>\n\t\t\t\t<div class=\"elementor-element elementor-element-5e0cb16 elementor-widget elementor-widget-text-editor\" data-id=\"5e0cb16\" data-element_type=\"widget\" data-widget_type=\"text-editor.default\">\n\t\t\t\t<div class=\"elementor-widget-container\">\n\t\t\t\t\t<div class=\"elementor-text-editor elementor-clearfix\"><p><a class=\"nonblock\" href=\"http:\/\/www.fcbujed.com\/taller2014\/reglamentos\/REG_ALUMNOS.pdf\" target=\"_blank\" rel=\"noopener\">1) REGLAMENTO GENERAL DE ALUMNOS<\/a><\/p><p id=\"u99392-7\"><a class=\"nonblock\" href=\"http:\/\/www.fcbujed.com\/taller2014\/reglamentos\/REG_BIBLIOTECA.pdf\" target=\"_blank\" rel=\"noopener\">2) REGLAMENTO DE BIBLIOTECA<\/a><\/p><p id=\"u99392-11\"><a class=\"nonblock\" href=\"http:\/\/www.fcbujed.com\/taller2014\/reglamentos\/REG_INVEST.pdf\" target=\"_blank\" rel=\"noopener\">3) REGLAMENTO DE INVESTIGACI\u00d3N<\/a><\/p><p id=\"u99392-15\"><a class=\"nonblock\" href=\"http:\/\/www.fcbujed.com\/taller2014\/reglamentos\/REG_PROC_CAMPO.pdf\" target=\"_blank\" rel=\"noopener\">4) REGLAMENTO DE PR\u00c1CTICAS ESCOLARES DE CAMPO<\/a><\/p><p id=\"u99392-19\"><a class=\"nonblock\" href=\"https:\/\/mx.fcbujed.com\/mx\/wp-content\/uploads\/2023\/08\/Gui\u0301a-Procedimientos-Titulacio\u0301n.pdf\" target=\"_blank\" rel=\"noopener\">5) REGLAMENTO DE PROCEDIMIENTOS Y REQUISITOS<\/a><\/p><p id=\"u99392-23\"><a href=\"https:\/\/mx.fcbujed.com\/mx\/wp-content\/uploads\/2021\/12\/Reglamento-de-Titulacio\u0301n-FCB-UJED-2021.pdf\">6) REGLAMENTO DE TITULACI\u00d3N (VERSI\u00d3N VIGENTE Y ACTUALIZADA)<\/a><\/p><p id=\"u99392-27\"><a class=\"nonblock\" href=\"http:\/\/www.fcbujed.com\/taller2014\/reglamentos\/REG_USOLAB.pdf\" target=\"_blank\" rel=\"noopener\">7) REGLAMENTO DE USO DE LABORATORIOS<\/a><\/p><p id=\"u99392-31\"><a class=\"nonblock\" href=\"http:\/\/www.fcbujed.com\/taller2014\/reglamentos\/REG_USOVEH.pdf\" target=\"_blank\" rel=\"noopener\">8) REGLAMENTO DE USO DE VEH\u00cdCULOS Y SALIDAS DE CAMPO<\/a><\/p><p id=\"u99392-35\"><a class=\"nonblock\" href=\"http:\/\/www.fcbujed.com\/taller2014\/reglamentos\/REG_USOCEE.pdf\" target=\"_blank\" rel=\"noopener\">9) REGLAMENTO DE USO Y OPERACI\u00d3N DEL CENTRO DE ESTUDIOS ECOL\u00d3GICOS<\/a><\/p><p id=\"u99392-39\"><a class=\"nonblock\" href=\"http:\/\/www.fcbujed.com\/taller2014\/reglamentos\/REG_CC.pdf\" target=\"_blank\" rel=\"noopener\">10) REGLAMENTO DEL CENTRO DE C\u00d3MPUTO<\/a><\/p><p id=\"u99392-43\"><a class=\"nonblock\" href=\"http:\/\/www.fcbujed.com\/taller2014\/reglamentos\/REG_GEXAM.pdf\" target=\"_blank\" rel=\"noopener\">11) REGLAMENTO GENERAL DE EX\u00c1MENES<\/a><\/p><p id=\"u99392-47\"><a class=\"nonblock\" href=\"http:\/\/www.fcbujed.com\/taller2014\/reglamentos\/REG_SVIVOS.pdf\" target=\"_blank\" rel=\"noopener\">12) REGLAMENTO GENERAL PARA EL ESTUDIO DE SERES VIVOS<\/a><\/p><\/div>\n\t\t\t\t<\/div>\n\t\t\t\t<\/div>\n\t\t\t\t\t<\/div>\n\t\t<\/div>\n\t\t\t\t<div class=\"elementor-column elementor-col-50 elementor-top-column elementor-element elementor-element-d1c3a7f\" data-id=\"d1c3a7f\" data-element_type=\"column\">\n\t\t\t<div class=\"elementor-widget-wrap elementor-element-populated\">\n\t\t\t\t\t\t\t\t<div class=\"elementor-element elementor-element-bbc4643 elementor-widget elementor-widget-heading\" data-id=\"bbc4643\" data-element_type=\"widget\" data-widget_type=\"heading.default\">\n\t\t\t\t<div class=\"elementor-widget-container\">\n\t\t\t<h4 class=\"elementor-heading-title elementor-size-default\">REGLAMENTOS DE POSGRADO<\/h4>\t\t<\/div>\n\t\t\t\t<\/div>\n\t\t\t\t<div class=\"elementor-element elementor-element-a97f7f5 elementor-widget elementor-widget-text-editor\" data-id=\"a97f7f5\" data-element_type=\"widget\" data-widget_type=\"text-editor.default\">\n\t\t\t\t<div class=\"elementor-widget-container\">\n\t\t\t\t\t<div class=\"elementor-text-editor elementor-clearfix\"><p><a class=\"nonblock\" href=\"http:\/\/www.fcbujed.com\/taller2014\/reglamentos\/REG_ALUMNOS.pdf\" target=\"_blank\" rel=\"noopener\">1) REGLAMENTO GENERAL DE ALUMNOS<\/a><\/p><p><a href=\"https:\/\/mx.fcbujed.com\/mx\/wp-content\/uploads\/2023\/02\/R.-POSGRADO.pdf\">2) REGLAMENTO DE POSGRADO<\/a><\/p><p><a href=\"https:\/\/mx.fcbujed.com\/mx\/wp-content\/uploads\/2023\/02\/R.-INVESTIGACIO\u0301N.pdf\">3) REGLAMENTO DE INVESTIGACI\u00d3N<\/a><\/p><p id=\"u99392-7\"><a class=\"nonblock\" href=\"http:\/\/www.fcbujed.com\/taller2014\/reglamentos\/REG_BIBLIOTECA.pdf\" target=\"_blank\" rel=\"noopener\">2) REGLAMENTO DE BIBLIOTECA<\/a><\/p><p>\u00a0<\/p><\/div>\n\t\t\t\t<\/div>\n\t\t\t\t<\/div>\n\t\t\t\t\t<\/div>\n\t\t<\/div>\n\t\t\t\t\t\t\t<\/div>\n\t\t<\/section>\n\t\t\t\t\t\t<\/div>\n\t\t\t\t\t<\/div>\n\t\t","protected":false},"excerpt":{"rendered":"<p>REGLAMENTOS VIGENTES REGLAMENTOS VIGENTES 1) REGLAMENTO GENERAL DE ALUMNOS 2) REGLAMENTO DE BIBLIOTECA 3) REGLAMENTO DE INVESTIGACI\u00d3N 4) REGLAMENTO DE PR\u00c1CTICAS ESCOLARES DE CAMPO 5) REGLAMENTO DE PROCEDIMIENTOS Y REQUISITOS 6) REGLAMENTO DE TITULACI\u00d3N (VERSI\u00d3N VIGENTE Y ACTUALIZADA) 7) REGLAMENTO DE USO DE LABORATORIOS 8) REGLAMENTO DE USO DE VEH\u00cdCULOS&hellip;<\/p>\n","protected":false},"author":1,"featured_media":0,"parent":0,"menu_order":0,"comment_status":"closed","ping_status":"closed","template":"elementor_header_footer","meta":[],"_links":{"self":[{"href":"https:\/\/mx.fcbujed.com\/mx\/wp-json\/wp\/v2\/pages\/667"}],"collection":[{"href":"https:\/\/mx.fcbujed.com\/mx\/wp-json\/wp\/v2\/pages"}],"about":[{"href":"https:\/\/mx.fcbujed.com\/mx\/wp-json\/wp\/v2\/types\/page"}],"author":[{"embeddable":true,"href":"https:\/\/mx.fcbujed.com\/mx\/wp-json\/wp\/v2\/users\/1"}],"replies":[{"embeddable":true,"href":"https:\/\/mx.fcbujed.com\/mx\/wp-json\/wp\/v2\/comments?post=667"}],"version-history":[{"count":28,"href":"https:\/\/mx.fcbujed.com\/mx\/wp-json\/wp\/v2\/pages\/667\/revisions"}],"predecessor-version":[{"id":2316,"href":"https:\/\/mx.fcbujed.com\/mx\/wp-json\/wp\/v2\/pages\/667\/revisions\/2316"}],"wp:attachment":[{"href":"https:\/\/mx.fcbujed.com\/mx\/wp-json\/wp\/v2\/media?parent=667"}],"curies":[{"name":"wp","href":"https:\/\/api.w.org\/{rel}","templated":true}]}}