{"id":636,"date":"2021-02-21T18:52:29","date_gmt":"2021-02-21T18:52:29","guid":{"rendered":"https:\/\/mx.fcbujed.com\/mx\/?page_id=636"},"modified":"2025-07-08T19:37:13","modified_gmt":"2025-07-08T19:37:13","slug":"directorio","status":"publish","type":"page","link":"https:\/\/mx.fcbujed.com\/mx\/directorio\/","title":{"rendered":"Directorio Institucional"},"content":{"rendered":"\t\t<div data-elementor-type=\"wp-page\" data-elementor-id=\"636\" class=\"elementor elementor-636\" data-elementor-settings=\"[]\">\n\t\t\t\t\t\t\t<div class=\"elementor-section-wrap\">\n\t\t\t\t\t\t\t<section class=\"elementor-section elementor-top-section elementor-element elementor-element-a9c7aab elementor-section-boxed elementor-section-height-default elementor-section-height-default\" data-id=\"a9c7aab\" data-element_type=\"section\">\n\t\t\t\t\t\t<div class=\"elementor-container elementor-column-gap-default\">\n\t\t\t\t\t<div class=\"elementor-column elementor-col-100 elementor-top-column elementor-element elementor-element-ad90d24\" data-id=\"ad90d24\" data-element_type=\"column\">\n\t\t\t<div class=\"elementor-widget-wrap elementor-element-populated\">\n\t\t\t\t\t\t\t\t<div class=\"elementor-element elementor-element-7949e2f elementor-widget elementor-widget-heading\" data-id=\"7949e2f\" data-element_type=\"widget\" data-widget_type=\"heading.default\">\n\t\t\t\t<div class=\"elementor-widget-container\">\n\t\t\t<h2 class=\"elementor-heading-title elementor-size-default\">Rector\u00eda UJED<\/h2>\t\t<\/div>\n\t\t\t\t<\/div>\n\t\t\t\t<div class=\"elementor-element elementor-element-944bb08 elementor-widget-divider--view-line elementor-widget elementor-widget-divider\" data-id=\"944bb08\" data-element_type=\"widget\" data-widget_type=\"divider.default\">\n\t\t\t\t<div class=\"elementor-widget-container\">\n\t\t\t\t\t<div class=\"elementor-divider\">\n\t\t\t<span class=\"elementor-divider-separator\">\n\t\t\t\t\t\t<\/span>\n\t\t<\/div>\n\t\t\t\t<\/div>\n\t\t\t\t<\/div>\n\t\t\t\t\t<\/div>\n\t\t<\/div>\n\t\t\t\t\t\t\t<\/div>\n\t\t<\/section>\n\t\t\t\t<section class=\"elementor-section elementor-top-section elementor-element elementor-element-4864caa elementor-section-boxed elementor-section-height-default elementor-section-height-default\" data-id=\"4864caa\" data-element_type=\"section\">\n\t\t\t\t\t\t<div class=\"elementor-container elementor-column-gap-default\">\n\t\t\t\t\t<div class=\"elementor-column elementor-col-25 elementor-top-column elementor-element elementor-element-89b4d0f\" data-id=\"89b4d0f\" data-element_type=\"column\">\n\t\t\t<div class=\"elementor-widget-wrap elementor-element-populated\">\n\t\t\t\t\t\t\t\t<div class=\"elementor-element elementor-element-cc79d28 elementor-widget elementor-widget-image\" data-id=\"cc79d28\" data-element_type=\"widget\" data-widget_type=\"image.default\">\n\t\t\t\t<div class=\"elementor-widget-container\">\n\t\t\t\t\t<div class=\"elementor-image\">\n\t\t\t\t\t\t\t\t\t\t<img width=\"370\" height=\"370\" src=\"https:\/\/mx.fcbujed.com\/mx\/wp-content\/uploads\/2025\/07\/Captura-de-Pantalla-2025-07-08-a-las-13.34.55.png\" class=\"attachment-large size-large\" alt=\"\" loading=\"lazy\" srcset=\"https:\/\/mx.fcbujed.com\/mx\/wp-content\/uploads\/2025\/07\/Captura-de-Pantalla-2025-07-08-a-las-13.34.55.png 370w, https:\/\/mx.fcbujed.com\/mx\/wp-content\/uploads\/2025\/07\/Captura-de-Pantalla-2025-07-08-a-las-13.34.55-300x300.png 300w, https:\/\/mx.fcbujed.com\/mx\/wp-content\/uploads\/2025\/07\/Captura-de-Pantalla-2025-07-08-a-las-13.34.55-150x150.png 150w\" sizes=\"(max-width: 370px) 100vw, 370px\" \/>\t\t\t\t\t\t\t\t\t\t\t<\/div>\n\t\t\t\t<\/div>\n\t\t\t\t<\/div>\n\t\t\t\t<div class=\"elementor-element elementor-element-a57f788 elementor-widget elementor-widget-text-editor\" data-id=\"a57f788\" data-element_type=\"widget\" data-widget_type=\"text-editor.default\">\n\t\t\t\t<div class=\"elementor-widget-container\">\n\t\t\t\t\t<div class=\"elementor-text-editor elementor-clearfix\"><h6 style=\"text-align: center;\"><span style=\"color: #003300;\"><strong>M.S.P. RAM\u00d3N GARC\u00cdA RIVERA<\/strong><\/span><\/h6><h6 style=\"text-align: center;\"><span style=\"color: #800000;\">RECTOR<\/span><\/h6><\/div>\n\t\t\t\t<\/div>\n\t\t\t\t<\/div>\n\t\t\t\t\t<\/div>\n\t\t<\/div>\n\t\t\t\t<div class=\"elementor-column elementor-col-25 elementor-top-column elementor-element elementor-element-5946eb4\" data-id=\"5946eb4\" data-element_type=\"column\">\n\t\t\t<div class=\"elementor-widget-wrap elementor-element-populated\">\n\t\t\t\t\t\t\t\t<div class=\"elementor-element elementor-element-3f3cd8b elementor-widget elementor-widget-image\" data-id=\"3f3cd8b\" data-element_type=\"widget\" data-widget_type=\"image.default\">\n\t\t\t\t<div class=\"elementor-widget-container\">\n\t\t\t\t\t<div class=\"elementor-image\">\n\t\t\t\t\t\t\t\t\t\t<img width=\"345\" height=\"345\" src=\"https:\/\/mx.fcbujed.com\/mx\/wp-content\/uploads\/2021\/02\/GerardoLozoya.jpg\" class=\"attachment-full size-full\" alt=\"\" loading=\"lazy\" srcset=\"https:\/\/mx.fcbujed.com\/mx\/wp-content\/uploads\/2021\/02\/GerardoLozoya.jpg 345w, https:\/\/mx.fcbujed.com\/mx\/wp-content\/uploads\/2021\/02\/GerardoLozoya-300x300.jpg 300w, https:\/\/mx.fcbujed.com\/mx\/wp-content\/uploads\/2021\/02\/GerardoLozoya-150x150.jpg 150w\" sizes=\"(max-width: 345px) 100vw, 345px\" \/>\t\t\t\t\t\t\t\t\t\t\t<\/div>\n\t\t\t\t<\/div>\n\t\t\t\t<\/div>\n\t\t\t\t<div class=\"elementor-element elementor-element-696a7a1 elementor-widget elementor-widget-text-editor\" data-id=\"696a7a1\" data-element_type=\"widget\" data-widget_type=\"text-editor.default\">\n\t\t\t\t<div class=\"elementor-widget-container\">\n\t\t\t\t\t<div class=\"elementor-text-editor elementor-clearfix\"><h6 style=\"text-align: center;\"><span style=\"color: #003300;\"><strong>M.C. JULIO GERARDO LOZOYA VELEZ<\/strong><\/span><\/h6><h6 style=\"text-align: center;\"><span style=\"color: #800000;\">SECRETARIO GENERAL<\/span><\/h6><\/div>\n\t\t\t\t<\/div>\n\t\t\t\t<\/div>\n\t\t\t\t\t<\/div>\n\t\t<\/div>\n\t\t\t\t<div class=\"elementor-column elementor-col-25 elementor-top-column elementor-element elementor-element-911e423\" data-id=\"911e423\" data-element_type=\"column\">\n\t\t\t<div class=\"elementor-widget-wrap elementor-element-populated\">\n\t\t\t\t\t\t\t\t<div class=\"elementor-element elementor-element-e17f0be elementor-widget elementor-widget-image\" data-id=\"e17f0be\" data-element_type=\"widget\" data-widget_type=\"image.default\">\n\t\t\t\t<div class=\"elementor-widget-container\">\n\t\t\t\t\t<div class=\"elementor-image\">\n\t\t\t\t\t\t\t\t\t\t<img width=\"385\" height=\"386\" src=\"https:\/\/mx.fcbujed.com\/mx\/wp-content\/uploads\/2025\/07\/Captura-de-Pantalla-2025-07-08-a-las-13.34.20.png\" class=\"attachment-full size-full\" alt=\"\" loading=\"lazy\" srcset=\"https:\/\/mx.fcbujed.com\/mx\/wp-content\/uploads\/2025\/07\/Captura-de-Pantalla-2025-07-08-a-las-13.34.20.png 385w, https:\/\/mx.fcbujed.com\/mx\/wp-content\/uploads\/2025\/07\/Captura-de-Pantalla-2025-07-08-a-las-13.34.20-300x300.png 300w, https:\/\/mx.fcbujed.com\/mx\/wp-content\/uploads\/2025\/07\/Captura-de-Pantalla-2025-07-08-a-las-13.34.20-150x150.png 150w\" sizes=\"(max-width: 385px) 100vw, 385px\" \/>\t\t\t\t\t\t\t\t\t\t\t<\/div>\n\t\t\t\t<\/div>\n\t\t\t\t<\/div>\n\t\t\t\t<div class=\"elementor-element elementor-element-ec99042 elementor-widget elementor-widget-text-editor\" data-id=\"ec99042\" data-element_type=\"widget\" data-widget_type=\"text-editor.default\">\n\t\t\t\t<div class=\"elementor-widget-container\">\n\t\t\t\t\t<div class=\"elementor-text-editor elementor-clearfix\"><h6 style=\"text-align: center;\"><span style=\"color: #800000; font-family: inherit; font-size: 1rem;\"><span style=\"color: #003300;\"><strong>LIC. ANA BERTHA ADAME GARC\u00cdA<\/strong><br \/><\/span><br \/><span style=\"color: #800000;\">SUBSECRETARIO ADMINISTRATIVO<\/span><\/span><\/h6><\/div>\n\t\t\t\t<\/div>\n\t\t\t\t<\/div>\n\t\t\t\t\t<\/div>\n\t\t<\/div>\n\t\t\t\t<div class=\"elementor-column elementor-col-25 elementor-top-column elementor-element elementor-element-6516354\" data-id=\"6516354\" data-element_type=\"column\">\n\t\t\t<div class=\"elementor-widget-wrap elementor-element-populated\">\n\t\t\t\t\t\t\t\t<div class=\"elementor-element elementor-element-42e348b elementor-widget elementor-widget-image\" data-id=\"42e348b\" data-element_type=\"widget\" data-widget_type=\"image.default\">\n\t\t\t\t<div class=\"elementor-widget-container\">\n\t\t\t\t\t<div class=\"elementor-image\">\n\t\t\t\t\t\t\t\t\t\t<img width=\"229\" height=\"229\" src=\"https:\/\/mx.fcbujed.com\/mx\/wp-content\/uploads\/2025\/07\/Captura-de-Pantalla-2025-07-08-a-las-13.33.17.png\" class=\"attachment-full size-full\" alt=\"\" loading=\"lazy\" srcset=\"https:\/\/mx.fcbujed.com\/mx\/wp-content\/uploads\/2025\/07\/Captura-de-Pantalla-2025-07-08-a-las-13.33.17.png 229w, https:\/\/mx.fcbujed.com\/mx\/wp-content\/uploads\/2025\/07\/Captura-de-Pantalla-2025-07-08-a-las-13.33.17-150x150.png 150w\" sizes=\"(max-width: 229px) 100vw, 229px\" \/>\t\t\t\t\t\t\t\t\t\t\t<\/div>\n\t\t\t\t<\/div>\n\t\t\t\t<\/div>\n\t\t\t\t<div class=\"elementor-element elementor-element-afd5631 elementor-widget elementor-widget-text-editor\" data-id=\"afd5631\" data-element_type=\"widget\" data-widget_type=\"text-editor.default\">\n\t\t\t\t<div class=\"elementor-widget-container\">\n\t\t\t\t\t<div class=\"elementor-text-editor elementor-clearfix\"><h6 style=\"text-align: center;\"><span style=\"color: #003300;\"><strong>C.O.M.F. GAMALIEL ORT\u00cdZ SARABIA<\/strong><\/span><\/h6><h6 style=\"text-align: center;\"><span style=\"color: #800000; font-size: 16px;\">SUBSECRETARIO ACAD\u00c9MICO<\/span><\/h6><\/div>\n\t\t\t\t<\/div>\n\t\t\t\t<\/div>\n\t\t\t\t\t<\/div>\n\t\t<\/div>\n\t\t\t\t\t\t\t<\/div>\n\t\t<\/section>\n\t\t\t\t<section class=\"elementor-section elementor-top-section elementor-element elementor-element-9f4bb32 elementor-section-boxed elementor-section-height-default elementor-section-height-default\" data-id=\"9f4bb32\" data-element_type=\"section\">\n\t\t\t\t\t\t<div class=\"elementor-container elementor-column-gap-default\">\n\t\t\t\t\t<div class=\"elementor-column elementor-col-100 elementor-top-column elementor-element elementor-element-852d2b0\" data-id=\"852d2b0\" data-element_type=\"column\">\n\t\t\t<div class=\"elementor-widget-wrap elementor-element-populated\">\n\t\t\t\t\t\t\t\t<div class=\"elementor-element elementor-element-2e0fa26 elementor-widget elementor-widget-heading\" data-id=\"2e0fa26\" data-element_type=\"widget\" data-widget_type=\"heading.default\">\n\t\t\t\t<div class=\"elementor-widget-container\">\n\t\t\t<h2 class=\"elementor-heading-title elementor-size-default\">Directivos - FCB UJED<\/h2>\t\t<\/div>\n\t\t\t\t<\/div>\n\t\t\t\t<div class=\"elementor-element elementor-element-37c5bb3 elementor-widget-divider--view-line elementor-widget elementor-widget-divider\" data-id=\"37c5bb3\" data-element_type=\"widget\" data-widget_type=\"divider.default\">\n\t\t\t\t<div class=\"elementor-widget-container\">\n\t\t\t\t\t<div class=\"elementor-divider\">\n\t\t\t<span class=\"elementor-divider-separator\">\n\t\t\t\t\t\t<\/span>\n\t\t<\/div>\n\t\t\t\t<\/div>\n\t\t\t\t<\/div>\n\t\t\t\t\t<\/div>\n\t\t<\/div>\n\t\t\t\t\t\t\t<\/div>\n\t\t<\/section>\n\t\t\t\t<section class=\"elementor-section elementor-top-section elementor-element elementor-element-f8e33b6 elementor-section-boxed elementor-section-height-default elementor-section-height-default\" data-id=\"f8e33b6\" data-element_type=\"section\">\n\t\t\t\t\t\t<div class=\"elementor-container elementor-column-gap-default\">\n\t\t\t\t\t<div class=\"elementor-column elementor-col-25 elementor-top-column elementor-element elementor-element-2c81ba4\" data-id=\"2c81ba4\" data-element_type=\"column\">\n\t\t\t<div class=\"elementor-widget-wrap elementor-element-populated\">\n\t\t\t\t\t\t\t\t<div class=\"elementor-element elementor-element-d17308e elementor-widget elementor-widget-image\" data-id=\"d17308e\" data-element_type=\"widget\" data-widget_type=\"image.default\">\n\t\t\t\t<div class=\"elementor-widget-container\">\n\t\t\t\t\t<div class=\"elementor-image\">\n\t\t\t\t\t\t\t\t\t\t<img width=\"640\" height=\"640\" src=\"https:\/\/mx.fcbujed.com\/mx\/wp-content\/uploads\/2024\/08\/Alonzo.png\" class=\"attachment-large size-large\" alt=\"\" loading=\"lazy\" srcset=\"https:\/\/mx.fcbujed.com\/mx\/wp-content\/uploads\/2024\/08\/Alonzo.png 774w, https:\/\/mx.fcbujed.com\/mx\/wp-content\/uploads\/2024\/08\/Alonzo-300x300.png 300w, https:\/\/mx.fcbujed.com\/mx\/wp-content\/uploads\/2024\/08\/Alonzo-150x150.png 150w, https:\/\/mx.fcbujed.com\/mx\/wp-content\/uploads\/2024\/08\/Alonzo-768x768.png 768w, https:\/\/mx.fcbujed.com\/mx\/wp-content\/uploads\/2024\/08\/Alonzo-450x450.png 450w\" sizes=\"(max-width: 640px) 100vw, 640px\" \/>\t\t\t\t\t\t\t\t\t\t\t<\/div>\n\t\t\t\t<\/div>\n\t\t\t\t<\/div>\n\t\t\t\t<div class=\"elementor-element elementor-element-18d343c elementor-widget elementor-widget-text-editor\" data-id=\"18d343c\" data-element_type=\"widget\" data-widget_type=\"text-editor.default\">\n\t\t\t\t<div class=\"elementor-widget-container\">\n\t\t\t\t\t<div class=\"elementor-text-editor elementor-clearfix\"><h6 style=\"text-align: center;\"><span style=\"font-family: inherit; font-size: 1rem;\"><span style=\"color: #003300;\"><b>M.C. FERNANDO ALONZO ROJO<br \/><\/b><\/span><\/span><span style=\"color: #800000; font-family: inherit; font-size: 1rem;\"><br \/>DIRECTOR<\/span><\/h6><\/div>\n\t\t\t\t<\/div>\n\t\t\t\t<\/div>\n\t\t\t\t\t<\/div>\n\t\t<\/div>\n\t\t\t\t<div class=\"elementor-column elementor-col-25 elementor-top-column elementor-element elementor-element-6d6f062\" data-id=\"6d6f062\" data-element_type=\"column\">\n\t\t\t<div class=\"elementor-widget-wrap elementor-element-populated\">\n\t\t\t\t\t\t\t\t<div class=\"elementor-element elementor-element-d0dbb8e elementor-widget elementor-widget-image\" data-id=\"d0dbb8e\" data-element_type=\"widget\" data-widget_type=\"image.default\">\n\t\t\t\t<div class=\"elementor-widget-container\">\n\t\t\t\t\t<div class=\"elementor-image\">\n\t\t\t\t\t\t\t\t\t\t<img width=\"800\" height=\"800\" src=\"https:\/\/mx.fcbujed.com\/mx\/wp-content\/uploads\/2023\/08\/Disen\u0303o-sin-ti\u0301tulo-7.png\" class=\"attachment-full size-full\" alt=\"\" loading=\"lazy\" srcset=\"https:\/\/mx.fcbujed.com\/mx\/wp-content\/uploads\/2023\/08\/Disen\u0303o-sin-ti\u0301tulo-7.png 800w, https:\/\/mx.fcbujed.com\/mx\/wp-content\/uploads\/2023\/08\/Disen\u0303o-sin-ti\u0301tulo-7-300x300.png 300w, https:\/\/mx.fcbujed.com\/mx\/wp-content\/uploads\/2023\/08\/Disen\u0303o-sin-ti\u0301tulo-7-150x150.png 150w, https:\/\/mx.fcbujed.com\/mx\/wp-content\/uploads\/2023\/08\/Disen\u0303o-sin-ti\u0301tulo-7-768x768.png 768w, https:\/\/mx.fcbujed.com\/mx\/wp-content\/uploads\/2023\/08\/Disen\u0303o-sin-ti\u0301tulo-7-450x450.png 450w\" sizes=\"(max-width: 800px) 100vw, 800px\" \/>\t\t\t\t\t\t\t\t\t\t\t<\/div>\n\t\t\t\t<\/div>\n\t\t\t\t<\/div>\n\t\t\t\t<div class=\"elementor-element elementor-element-113c135 elementor-widget elementor-widget-text-editor\" data-id=\"113c135\" data-element_type=\"widget\" data-widget_type=\"text-editor.default\">\n\t\t\t\t<div class=\"elementor-widget-container\">\n\t\t\t\t\t<div class=\"elementor-text-editor elementor-clearfix\"><h6 style=\"text-align: center;\"><span style=\"color: #003300;\"><strong>M.C. NANCY YADIRA MEZA TREVI\u00d1O<\/strong><\/span><\/h6><h6 style=\"text-align: center;\"><span style=\"color: #800000;\">SECRETARIA ACAD\u00c9MICA<\/span><\/h6><\/div>\n\t\t\t\t<\/div>\n\t\t\t\t<\/div>\n\t\t\t\t\t<\/div>\n\t\t<\/div>\n\t\t\t\t<div class=\"elementor-column elementor-col-25 elementor-top-column elementor-element elementor-element-da0f52f\" data-id=\"da0f52f\" data-element_type=\"column\">\n\t\t\t<div class=\"elementor-widget-wrap elementor-element-populated\">\n\t\t\t\t\t\t\t\t<div class=\"elementor-element elementor-element-d745e79 elementor-widget elementor-widget-image\" data-id=\"d745e79\" data-element_type=\"widget\" data-widget_type=\"image.default\">\n\t\t\t\t<div class=\"elementor-widget-container\">\n\t\t\t\t\t<div class=\"elementor-image\">\n\t\t\t\t\t\t\t\t\t\t<img width=\"359\" height=\"359\" src=\"https:\/\/mx.fcbujed.com\/mx\/wp-content\/uploads\/2021\/02\/castro.jpg\" class=\"attachment-full size-full\" alt=\"\" loading=\"lazy\" srcset=\"https:\/\/mx.fcbujed.com\/mx\/wp-content\/uploads\/2021\/02\/castro.jpg 359w, https:\/\/mx.fcbujed.com\/mx\/wp-content\/uploads\/2021\/02\/castro-300x300.jpg 300w, https:\/\/mx.fcbujed.com\/mx\/wp-content\/uploads\/2021\/02\/castro-150x150.jpg 150w\" sizes=\"(max-width: 359px) 100vw, 359px\" \/>\t\t\t\t\t\t\t\t\t\t\t<\/div>\n\t\t\t\t<\/div>\n\t\t\t\t<\/div>\n\t\t\t\t<div class=\"elementor-element elementor-element-47d3949 elementor-widget elementor-widget-text-editor\" data-id=\"47d3949\" data-element_type=\"widget\" data-widget_type=\"text-editor.default\">\n\t\t\t\t<div class=\"elementor-widget-container\">\n\t\t\t\t\t<div class=\"elementor-text-editor elementor-clearfix\"><h6 style=\"text-align: center;\"><span style=\"color: #003300;\"><strong>ING. JORGE MART\u00cdN CASTRO VITELA<\/strong><\/span><\/h6><h6 style=\"text-align: center;\"><span style=\"color: #800000;\">SECRETARIO ADMINISTRATIVO<\/span><\/h6><\/div>\n\t\t\t\t<\/div>\n\t\t\t\t<\/div>\n\t\t\t\t\t<\/div>\n\t\t<\/div>\n\t\t\t\t<div class=\"elementor-column elementor-col-25 elementor-top-column elementor-element elementor-element-e5f1078\" data-id=\"e5f1078\" data-element_type=\"column\">\n\t\t\t<div class=\"elementor-widget-wrap elementor-element-populated\">\n\t\t\t\t\t\t\t\t<div class=\"elementor-element elementor-element-c2ed4e3 elementor-widget elementor-widget-image\" data-id=\"c2ed4e3\" data-element_type=\"widget\" data-widget_type=\"image.default\">\n\t\t\t\t<div class=\"elementor-widget-container\">\n\t\t\t\t\t<div class=\"elementor-image\">\n\t\t\t\t\t\t\t\t\t\t<img width=\"800\" height=\"800\" src=\"https:\/\/mx.fcbujed.com\/mx\/wp-content\/uploads\/2023\/08\/Disen\u0303o-sin-ti\u0301tulo-3.png\" class=\"attachment-full size-full\" alt=\"\" loading=\"lazy\" srcset=\"https:\/\/mx.fcbujed.com\/mx\/wp-content\/uploads\/2023\/08\/Disen\u0303o-sin-ti\u0301tulo-3.png 800w, https:\/\/mx.fcbujed.com\/mx\/wp-content\/uploads\/2023\/08\/Disen\u0303o-sin-ti\u0301tulo-3-300x300.png 300w, https:\/\/mx.fcbujed.com\/mx\/wp-content\/uploads\/2023\/08\/Disen\u0303o-sin-ti\u0301tulo-3-150x150.png 150w, https:\/\/mx.fcbujed.com\/mx\/wp-content\/uploads\/2023\/08\/Disen\u0303o-sin-ti\u0301tulo-3-768x768.png 768w, https:\/\/mx.fcbujed.com\/mx\/wp-content\/uploads\/2023\/08\/Disen\u0303o-sin-ti\u0301tulo-3-450x450.png 450w\" sizes=\"(max-width: 800px) 100vw, 800px\" \/>\t\t\t\t\t\t\t\t\t\t\t<\/div>\n\t\t\t\t<\/div>\n\t\t\t\t<\/div>\n\t\t\t\t<div class=\"elementor-element elementor-element-61bb9e8 elementor-widget elementor-widget-text-editor\" data-id=\"61bb9e8\" data-element_type=\"widget\" data-widget_type=\"text-editor.default\">\n\t\t\t\t<div class=\"elementor-widget-container\">\n\t\t\t\t\t<div class=\"elementor-text-editor elementor-clearfix\"><h6 style=\"text-align: center;\"><span style=\"font-size: 16px;\"><span style=\"color: #003300;\">DR. JOSAFATH QUEZADA RIVERA<br \/><\/span><\/span><span style=\"color: #800000; font-size: 16px;\"><br \/>JEFE DE POSGRADO<\/span><\/h6><\/div>\n\t\t\t\t<\/div>\n\t\t\t\t<\/div>\n\t\t\t\t\t<\/div>\n\t\t<\/div>\n\t\t\t\t\t\t\t<\/div>\n\t\t<\/section>\n\t\t\t\t\t\t<\/div>\n\t\t\t\t\t<\/div>\n\t\t","protected":false},"excerpt":{"rendered":"<p>Rector\u00eda UJED M.S.P. RAM\u00d3N GARC\u00cdA RIVERA RECTOR M.C. JULIO GERARDO LOZOYA VELEZ SECRETARIO GENERAL LIC. ANA BERTHA ADAME GARC\u00cdA SUBSECRETARIO ADMINISTRATIVO C.O.M.F. GAMALIEL ORT\u00cdZ SARABIA SUBSECRETARIO ACAD\u00c9MICO Directivos &#8211; FCB UJED M.C. FERNANDO ALONZO ROJODIRECTOR M.C. NANCY YADIRA MEZA TREVI\u00d1O SECRETARIA ACAD\u00c9MICA ING. JORGE MART\u00cdN CASTRO VITELA SECRETARIO ADMINISTRATIVO DR.&hellip;<\/p>\n","protected":false},"author":1,"featured_media":0,"parent":0,"menu_order":0,"comment_status":"closed","ping_status":"closed","template":"","meta":[],"_links":{"self":[{"href":"https:\/\/mx.fcbujed.com\/mx\/wp-json\/wp\/v2\/pages\/636"}],"collection":[{"href":"https:\/\/mx.fcbujed.com\/mx\/wp-json\/wp\/v2\/pages"}],"about":[{"href":"https:\/\/mx.fcbujed.com\/mx\/wp-json\/wp\/v2\/types\/page"}],"author":[{"embeddable":true,"href":"https:\/\/mx.fcbujed.com\/mx\/wp-json\/wp\/v2\/users\/1"}],"replies":[{"embeddable":true,"href":"https:\/\/mx.fcbujed.com\/mx\/wp-json\/wp\/v2\/comments?post=636"}],"version-history":[{"count":40,"href":"https:\/\/mx.fcbujed.com\/mx\/wp-json\/wp\/v2\/pages\/636\/revisions"}],"predecessor-version":[{"id":2548,"href":"https:\/\/mx.fcbujed.com\/mx\/wp-json\/wp\/v2\/pages\/636\/revisions\/2548"}],"wp:attachment":[{"href":"https:\/\/mx.fcbujed.com\/mx\/wp-json\/wp\/v2\/media?parent=636"}],"curies":[{"name":"wp","href":"https:\/\/api.w.org\/{rel}","templated":true}]}}