{"id":408,"date":"2018-05-13T15:28:15","date_gmt":"2018-05-13T15:28:15","guid":{"rendered":"http:\/\/demos.filathemes.com\/education-lms-pro\/?page_id=408"},"modified":"2021-02-21T18:49:22","modified_gmt":"2021-02-21T18:49:22","slug":"identidad","status":"publish","type":"page","link":"https:\/\/mx.fcbujed.com\/mx\/identidad\/","title":{"rendered":"Identidad Institucional"},"content":{"rendered":"\t\t<div data-elementor-type=\"wp-post\" data-elementor-id=\"408\" class=\"elementor elementor-408\" data-elementor-settings=\"[]\">\n\t\t\t\t\t\t\t<div class=\"elementor-section-wrap\">\n\t\t\t\t\t\t\t<section class=\"elementor-section elementor-top-section elementor-element elementor-element-6c4a0cac elementor-section-boxed elementor-section-height-default elementor-section-height-default\" data-id=\"6c4a0cac\" data-element_type=\"section\">\n\t\t\t\t\t\t<div class=\"elementor-container elementor-column-gap-no\">\n\t\t\t\t\t<div class=\"elementor-column elementor-col-50 elementor-top-column elementor-element elementor-element-4a2adb64\" data-id=\"4a2adb64\" data-element_type=\"column\">\n\t\t\t<div class=\"elementor-widget-wrap elementor-element-populated\">\n\t\t\t\t\t\t\t\t<div class=\"elementor-element elementor-element-74113f9c elementor-widget elementor-widget-heading\" data-id=\"74113f9c\" data-element_type=\"widget\" data-widget_type=\"heading.default\">\n\t\t\t\t<div class=\"elementor-widget-container\">\n\t\t\t<h3 class=\"elementor-heading-title elementor-size-large\">misi\u00f3n<\/h3>\t\t<\/div>\n\t\t\t\t<\/div>\n\t\t\t\t<div class=\"elementor-element elementor-element-6f4d9737 elementor-widget elementor-widget-text-editor\" data-id=\"6f4d9737\" data-element_type=\"widget\" data-widget_type=\"text-editor.default\">\n\t\t\t\t<div class=\"elementor-widget-container\">\n\t\t\t\t\t<div class=\"elementor-text-editor elementor-clearfix\"><div id=\"u3367-4\" class=\"clearfix grpelem\" data-sizepolicy=\"fluidWidth\" data-pintopage=\"page_fixedCenter\">\n<p style=\"text-align: justify;\">La Facultad de Ciencias Biol\u00f3gicas de la UJED, entidad p\u00fablica de educaci\u00f3n superior, tiene como misi\u00f3n la formaci\u00f3n integral de profesionistas de excelencia acad\u00e9mica, cient\u00edfica y tecnol\u00f3gica en el campo de las ciencias biol\u00f3gicas, con la finalidad de la generaci\u00f3n, aplicaci\u00f3n, difusi\u00f3n y transferencias del conocimiento cient\u00edfico mediante programas acad\u00e9micos de licenciatura y posgrado de calidad. Realiza investigaci\u00f3n y extiende a la sociedad sus resultados bajo principios \u00e9ticos, uso de tecnolog\u00edas, desarrollo sustentable y compromiso sociedad. Sus objetivos se centran en el trabajo en equipo y compromiso de trabajadores, administrativos, docentes, investigadores, alumnos y directivos para contribuir en la resoluci\u00f3n de problemas relacionados con los recursos naturales y la gesti\u00f3n ambiental a nivel nacional e internacional<\/p>\n\n<\/div>\n<div id=\"u3370-4\" class=\"clearfix grpelem\" data-sizepolicy=\"fluidWidth\" data-pintopage=\"page_fixedCenter\">\n<p style=\"text-align: left;\"><\/p>\n\n<\/div><\/div>\n\t\t\t\t<\/div>\n\t\t\t\t<\/div>\n\t\t\t\t\t<\/div>\n\t\t<\/div>\n\t\t\t\t<div class=\"elementor-column elementor-col-50 elementor-top-column elementor-element elementor-element-e6ba2a9\" data-id=\"e6ba2a9\" data-element_type=\"column\">\n\t\t\t<div class=\"elementor-widget-wrap elementor-element-populated\">\n\t\t\t\t\t\t\t\t<div class=\"elementor-element elementor-element-5d5ae1a elementor-widget elementor-widget-image\" data-id=\"5d5ae1a\" data-element_type=\"widget\" data-widget_type=\"image.default\">\n\t\t\t\t<div class=\"elementor-widget-container\">\n\t\t\t\t\t<div class=\"elementor-image\">\n\t\t\t\t\t\t\t\t\t\t<img width=\"618\" height=\"690\" src=\"https:\/\/mx.fcbujed.com\/mx\/wp-content\/uploads\/2021\/02\/Captura-de-pantalla-2021-02-21-a-las-12.47.32.png\" class=\"attachment-large size-large\" alt=\"\" loading=\"lazy\" srcset=\"https:\/\/mx.fcbujed.com\/mx\/wp-content\/uploads\/2021\/02\/Captura-de-pantalla-2021-02-21-a-las-12.47.32.png 618w, https:\/\/mx.fcbujed.com\/mx\/wp-content\/uploads\/2021\/02\/Captura-de-pantalla-2021-02-21-a-las-12.47.32-269x300.png 269w\" sizes=\"(max-width: 618px) 100vw, 618px\" \/>\t\t\t\t\t\t\t\t\t\t\t<\/div>\n\t\t\t\t<\/div>\n\t\t\t\t<\/div>\n\t\t\t\t\t<\/div>\n\t\t<\/div>\n\t\t\t\t\t\t\t<\/div>\n\t\t<\/section>\n\t\t\t\t<section class=\"elementor-section elementor-top-section elementor-element elementor-element-def5f3f elementor-section-boxed elementor-section-height-default elementor-section-height-default\" data-id=\"def5f3f\" data-element_type=\"section\">\n\t\t\t\t\t\t<div class=\"elementor-container elementor-column-gap-no\">\n\t\t\t\t\t<div class=\"elementor-column elementor-col-50 elementor-top-column elementor-element elementor-element-ca67172\" data-id=\"ca67172\" data-element_type=\"column\">\n\t\t\t<div class=\"elementor-widget-wrap elementor-element-populated\">\n\t\t\t\t\t\t\t\t<div class=\"elementor-element elementor-element-d2e0e54 elementor-widget elementor-widget-image\" data-id=\"d2e0e54\" data-element_type=\"widget\" data-widget_type=\"image.default\">\n\t\t\t\t<div class=\"elementor-widget-container\">\n\t\t\t\t\t<div class=\"elementor-image\">\n\t\t\t\t\t\t\t\t\t\t<img width=\"640\" height=\"415\" src=\"https:\/\/mx.fcbujed.com\/mx\/wp-content\/uploads\/2021\/02\/Captura-de-pantalla-2021-02-21-a-las-12.48.43.png\" class=\"attachment-large size-large\" alt=\"\" loading=\"lazy\" srcset=\"https:\/\/mx.fcbujed.com\/mx\/wp-content\/uploads\/2021\/02\/Captura-de-pantalla-2021-02-21-a-las-12.48.43.png 710w, https:\/\/mx.fcbujed.com\/mx\/wp-content\/uploads\/2021\/02\/Captura-de-pantalla-2021-02-21-a-las-12.48.43-300x194.png 300w\" sizes=\"(max-width: 640px) 100vw, 640px\" \/>\t\t\t\t\t\t\t\t\t\t\t<\/div>\n\t\t\t\t<\/div>\n\t\t\t\t<\/div>\n\t\t\t\t\t<\/div>\n\t\t<\/div>\n\t\t\t\t<div class=\"elementor-column elementor-col-50 elementor-top-column elementor-element elementor-element-629be55\" data-id=\"629be55\" data-element_type=\"column\">\n\t\t\t<div class=\"elementor-widget-wrap elementor-element-populated\">\n\t\t\t\t\t\t\t\t<div class=\"elementor-element elementor-element-a42fe63 elementor-widget elementor-widget-heading\" data-id=\"a42fe63\" data-element_type=\"widget\" data-widget_type=\"heading.default\">\n\t\t\t\t<div class=\"elementor-widget-container\">\n\t\t\t<h3 class=\"elementor-heading-title elementor-size-large\">Visi\u00f3n<\/h3>\t\t<\/div>\n\t\t\t\t<\/div>\n\t\t\t\t<div class=\"elementor-element elementor-element-fcf8be7 elementor-widget elementor-widget-text-editor\" data-id=\"fcf8be7\" data-element_type=\"widget\" data-widget_type=\"text-editor.default\">\n\t\t\t\t<div class=\"elementor-widget-container\">\n\t\t\t\t\t<div class=\"elementor-text-editor elementor-clearfix\"><div id=\"u3367-4\" class=\"clearfix grpelem\" data-sizepolicy=\"fluidWidth\" data-pintopage=\"page_fixedCenter\"><p>La Facultad de Ciencias Biol\u00f3gicas de la UJED ser\u00e1 un referente a nivel nacional e internacional en la generaci\u00f3n, aplicaci\u00f3n, difusi\u00f3n y transferencia del conocimiento cient\u00edfico, vinculada con el sector p\u00fablico, privado y social.<\/p><p>Contar\u00e1 con programas de licenciatura acreditados internacionalmente, todos sus programas de posgrado insertos en el padr\u00f3n nacional de calidad de CONACyT.<\/p><p>Los egresados de sus programas tendr\u00e1n la garant\u00eda de posicionarse en las diferentes \u00e1reas productivas de las ciencias biol\u00f3gicas al concluir sus estudios.<\/p><\/div><div id=\"u3370-4\" class=\"clearfix grpelem\" data-sizepolicy=\"fluidWidth\" data-pintopage=\"page_fixedCenter\"><p style=\"text-align: left;\">\u00a0<\/p><\/div><\/div>\n\t\t\t\t<\/div>\n\t\t\t\t<\/div>\n\t\t\t\t\t<\/div>\n\t\t<\/div>\n\t\t\t\t\t\t\t<\/div>\n\t\t<\/section>\n\t\t\t\t<section class=\"elementor-section elementor-top-section elementor-element elementor-element-b2b428a elementor-section-boxed elementor-section-height-default elementor-section-height-default\" data-id=\"b2b428a\" data-element_type=\"section\">\n\t\t\t\t\t\t<div class=\"elementor-container elementor-column-gap-no\">\n\t\t\t\t\t<div class=\"elementor-column elementor-col-100 elementor-top-column elementor-element elementor-element-17e1c26\" data-id=\"17e1c26\" data-element_type=\"column\">\n\t\t\t<div class=\"elementor-widget-wrap elementor-element-populated\">\n\t\t\t\t\t\t\t\t<div class=\"elementor-element elementor-element-dbcb18f elementor-widget elementor-widget-heading\" data-id=\"dbcb18f\" data-element_type=\"widget\" data-widget_type=\"heading.default\">\n\t\t\t\t<div class=\"elementor-widget-container\">\n\t\t\t<h3 class=\"elementor-heading-title elementor-size-large\">Valores<\/h3>\t\t<\/div>\n\t\t\t\t<\/div>\n\t\t\t\t<div class=\"elementor-element elementor-element-95879cb elementor-widget elementor-widget-text-editor\" data-id=\"95879cb\" data-element_type=\"widget\" data-widget_type=\"text-editor.default\">\n\t\t\t\t<div class=\"elementor-widget-container\">\n\t\t\t\t\t<div class=\"elementor-text-editor elementor-clearfix\"><p id=\"u9745-2\">Los valores que regir\u00e1n a la FCB UJED y a sus estudiantes, en sinton\u00eda con los valores institucionales de la UJED, ser\u00e1n:<\/p><p id=\"u9745-6\"><span id=\"u9745-4\">\u00c9tica<\/span>.- Para conducirse como profesionales de las ciencias biol\u00f3gicas en las implicaciones \u00e9ticas, ecol\u00f3gicas y sanitarias.<\/p><p id=\"u9745-10\"><span id=\"u9745-8\">Respeto a la naturaleza y seres vivos<\/span>.- Como profesionales de las ciencias biol\u00f3gicas,\u00a0 la FCB UJED promueve el respeto por los ecosistemas y seres vivos que integran nuestro mundo, conduci\u00e9ndose con respeto y cuidado al medio ambiente.<\/p><p id=\"u9745-14\"><span id=\"u9745-12\">Compromiso social.<\/span>&#8211; Necesario para la resoluci\u00f3n de problem\u00e1ticas que afectan a la sociedad.<\/p><p id=\"u9745-18\"><span id=\"u9745-16\">Tolerancia.<\/span>&#8211; A las diferentes creencias y formas de pensar que pudieran contrarrestar con las pol\u00edticas ambientales, para lograr ser agentes de cambio, bajo el respeto de todos los puntos de vista.<\/p><p id=\"u9745-22\"><span id=\"u9745-20\">Empat\u00eda.<\/span>&#8211;\u00a0 Para estar entender la realidad del mundo cambiante en el que se desempe\u00f1an los profesionales de las ciencias biol\u00f3gicas.<\/p><\/div>\n\t\t\t\t<\/div>\n\t\t\t\t<\/div>\n\t\t\t\t\t<\/div>\n\t\t<\/div>\n\t\t\t\t\t\t\t<\/div>\n\t\t<\/section>\n\t\t\t\t<section class=\"elementor-section elementor-top-section elementor-element elementor-element-e893d4c elementor-section-boxed elementor-section-height-default elementor-section-height-default\" data-id=\"e893d4c\" data-element_type=\"section\">\n\t\t\t\t\t\t<div class=\"elementor-container elementor-column-gap-default\">\n\t\t\t\t\t<div class=\"elementor-column elementor-col-100 elementor-top-column elementor-element elementor-element-cd23d87\" data-id=\"cd23d87\" data-element_type=\"column\">\n\t\t\t<div class=\"elementor-widget-wrap elementor-element-populated\">\n\t\t\t\t\t\t\t\t<div class=\"elementor-element elementor-element-9769e16 elementor-widget elementor-widget-heading\" data-id=\"9769e16\" data-element_type=\"widget\" data-widget_type=\"heading.default\">\n\t\t\t\t<div class=\"elementor-widget-container\">\n\t\t\t<h3 class=\"elementor-heading-title elementor-size-large\">Escudo<\/h3>\t\t<\/div>\n\t\t\t\t<\/div>\n\t\t\t\t\t<\/div>\n\t\t<\/div>\n\t\t\t\t\t\t\t<\/div>\n\t\t<\/section>\n\t\t\t\t<section class=\"elementor-section elementor-top-section elementor-element elementor-element-cfdda00 elementor-section-boxed elementor-section-height-default elementor-section-height-default\" data-id=\"cfdda00\" data-element_type=\"section\">\n\t\t\t\t\t\t<div class=\"elementor-container elementor-column-gap-default\">\n\t\t\t\t\t<div class=\"elementor-column elementor-col-50 elementor-top-column elementor-element elementor-element-fedfe22\" data-id=\"fedfe22\" data-element_type=\"column\">\n\t\t\t<div class=\"elementor-widget-wrap elementor-element-populated\">\n\t\t\t\t\t\t\t\t<div class=\"elementor-element elementor-element-7bc9468 elementor-widget elementor-widget-text-editor\" data-id=\"7bc9468\" data-element_type=\"widget\" data-widget_type=\"text-editor.default\">\n\t\t\t\t<div class=\"elementor-widget-container\">\n\t\t\t\t\t<div class=\"elementor-text-editor elementor-clearfix\"><p>El logotipo de la Facultad de Ciencias Biol\u00f3gicas fue elaborado en 1980, como emblema de la entonces Escuela Superior de Biolog\u00eda.<\/p><p><img loading=\"lazy\" class=\"size-medium wp-image-617 aligncenter\" src=\"https:\/\/mx.fcbujed.com\/mx\/wp-content\/uploads\/2021\/02\/fcb-1-crop-u9754-300x294.png\" alt=\"\" width=\"300\" height=\"294\" srcset=\"https:\/\/mx.fcbujed.com\/mx\/wp-content\/uploads\/2021\/02\/fcb-1-crop-u9754-300x294.png 300w, https:\/\/mx.fcbujed.com\/mx\/wp-content\/uploads\/2021\/02\/fcb-1-crop-u9754.png 457w\" sizes=\"(max-width: 300px) 100vw, 300px\" \/><\/p><\/div>\n\t\t\t\t<\/div>\n\t\t\t\t<\/div>\n\t\t\t\t\t<\/div>\n\t\t<\/div>\n\t\t\t\t<div class=\"elementor-column elementor-col-25 elementor-top-column elementor-element elementor-element-5d4e38c\" data-id=\"5d4e38c\" data-element_type=\"column\">\n\t\t\t<div class=\"elementor-widget-wrap elementor-element-populated\">\n\t\t\t\t\t\t\t\t<div class=\"elementor-element elementor-element-c63be34 elementor-widget elementor-widget-text-editor\" data-id=\"c63be34\" data-element_type=\"widget\" data-widget_type=\"text-editor.default\">\n\t\t\t\t<div class=\"elementor-widget-container\">\n\t\t\t\t\t<div class=\"elementor-text-editor elementor-clearfix\"><p style=\"text-align: center;\">El logotipo integra tres elementos:<\/p><p style=\"text-align: center;\">1) Hoja de Parra<\/p><p><img loading=\"lazy\" class=\"alignnone wp-image-618 aligncenter\" src=\"https:\/\/mx.fcbujed.com\/mx\/wp-content\/uploads\/2021\/02\/Captura-de-pantalla-2021-02-21-a-las-12.32.17.png\" alt=\"\" width=\"200\" height=\"207\" \/><\/p><\/div>\n\t\t\t\t<\/div>\n\t\t\t\t<\/div>\n\t\t\t\t\t<\/div>\n\t\t<\/div>\n\t\t\t\t<div class=\"elementor-column elementor-col-25 elementor-top-column elementor-element elementor-element-b04eec4\" data-id=\"b04eec4\" data-element_type=\"column\">\n\t\t\t<div class=\"elementor-widget-wrap elementor-element-populated\">\n\t\t\t\t\t\t\t\t<div class=\"elementor-element elementor-element-4ab452e elementor-widget elementor-widget-text-editor\" data-id=\"4ab452e\" data-element_type=\"widget\" data-widget_type=\"text-editor.default\">\n\t\t\t\t<div class=\"elementor-widget-container\">\n\t\t\t\t\t<div class=\"elementor-text-editor elementor-clearfix\"><p style=\"text-align: center;\"><span style=\"color: var( --e-global-color-text );\">\u00a0<\/span><span style=\"color: var( --e-global-color-text );\">2) \u00a0Ciclo de la evoluci\u00f3n y formaci\u00f3n celular<\/span><\/p><p style=\"text-align: center;\"><span style=\"color: var( --e-global-color-text );\">a trav\u00e9s de cigotos.<\/span><\/p><p><img loading=\"lazy\" class=\" wp-image-619 aligncenter\" src=\"https:\/\/mx.fcbujed.com\/mx\/wp-content\/uploads\/2021\/02\/Captura-de-pantalla-2021-02-21-a-las-12.32.24.png\" alt=\"\" width=\"179\" height=\"153\" \/><\/p><p style=\"text-align: center;\">3) Lema:<\/p><p style=\"text-align: center;\"><img loading=\"lazy\" class=\"alignnone size-full wp-image-620\" src=\"https:\/\/mx.fcbujed.com\/mx\/wp-content\/uploads\/2021\/02\/Captura-de-pantalla-2021-02-21-a-las-12.32.28.png\" alt=\"\" width=\"273\" height=\"158\" \/><\/p><\/div>\n\t\t\t\t<\/div>\n\t\t\t\t<\/div>\n\t\t\t\t\t<\/div>\n\t\t<\/div>\n\t\t\t\t\t\t\t<\/div>\n\t\t<\/section>\n\t\t\t\t<section class=\"elementor-section elementor-top-section elementor-element elementor-element-0a624bd elementor-section-boxed elementor-section-height-default elementor-section-height-default\" data-id=\"0a624bd\" data-element_type=\"section\">\n\t\t\t\t\t\t<div class=\"elementor-container elementor-column-gap-default\">\n\t\t\t\t\t<div class=\"elementor-column elementor-col-100 elementor-top-column elementor-element elementor-element-b220181\" data-id=\"b220181\" data-element_type=\"column\">\n\t\t\t<div class=\"elementor-widget-wrap elementor-element-populated\">\n\t\t\t\t\t\t\t\t<div class=\"elementor-element elementor-element-a96ac02 elementor-widget elementor-widget-heading\" data-id=\"a96ac02\" data-element_type=\"widget\" data-widget_type=\"heading.default\">\n\t\t\t\t<div class=\"elementor-widget-container\">\n\t\t\t<h3 class=\"elementor-heading-title elementor-size-large\">Mascota<\/h3>\t\t<\/div>\n\t\t\t\t<\/div>\n\t\t\t\t\t<\/div>\n\t\t<\/div>\n\t\t\t\t\t\t\t<\/div>\n\t\t<\/section>\n\t\t\t\t<section class=\"elementor-section elementor-top-section elementor-element elementor-element-9288898 elementor-section-boxed elementor-section-height-default elementor-section-height-default\" data-id=\"9288898\" data-element_type=\"section\">\n\t\t\t\t\t\t<div class=\"elementor-container elementor-column-gap-default\">\n\t\t\t\t\t<div class=\"elementor-column elementor-col-100 elementor-top-column elementor-element elementor-element-c59c568\" data-id=\"c59c568\" data-element_type=\"column\">\n\t\t\t<div class=\"elementor-widget-wrap\">\n\t\t\t\t\t\t\t\t\t<\/div>\n\t\t<\/div>\n\t\t\t\t\t\t\t<\/div>\n\t\t<\/section>\n\t\t\t\t<section class=\"elementor-section elementor-top-section elementor-element elementor-element-095ad31 elementor-section-boxed elementor-section-height-default elementor-section-height-default\" data-id=\"095ad31\" data-element_type=\"section\">\n\t\t\t\t\t\t<div class=\"elementor-container elementor-column-gap-default\">\n\t\t\t\t\t<div class=\"elementor-column elementor-col-50 elementor-top-column elementor-element elementor-element-07db7f3\" data-id=\"07db7f3\" data-element_type=\"column\">\n\t\t\t<div class=\"elementor-widget-wrap elementor-element-populated\">\n\t\t\t\t\t\t\t\t<div class=\"elementor-element elementor-element-2c9a9cc elementor-widget elementor-widget-text-editor\" data-id=\"2c9a9cc\" data-element_type=\"widget\" data-widget_type=\"text-editor.default\">\n\t\t\t\t<div class=\"elementor-widget-container\">\n\t\t\t\t\t<div class=\"elementor-text-editor elementor-clearfix\"><p>La mascota de la Facultad de Ciencias Biol\u00f3gicas es representada por un zorro gris, el cual representa los valores de la FCB en actividades deportivas, culturales y acad\u00e9micas.<\/p><p><img loading=\"lazy\" class=\"alignnone wp-image-621 size-full\" src=\"https:\/\/mx.fcbujed.com\/mx\/wp-content\/uploads\/2021\/02\/imagen-pegada-1080x600-1.jpg\" alt=\"\" width=\"750\" height=\"417\" srcset=\"https:\/\/mx.fcbujed.com\/mx\/wp-content\/uploads\/2021\/02\/imagen-pegada-1080x600-1.jpg 750w, https:\/\/mx.fcbujed.com\/mx\/wp-content\/uploads\/2021\/02\/imagen-pegada-1080x600-1-300x167.jpg 300w\" sizes=\"(max-width: 750px) 100vw, 750px\" \/><\/p><p><img loading=\"lazy\" class=\"alignnone wp-image-623 size-full\" src=\"https:\/\/mx.fcbujed.com\/mx\/wp-content\/uploads\/2021\/02\/experience-321-zorro-gris-cu_1141x478_cropFromCenter.jpg\" alt=\"\" width=\"640\" height=\"360\" srcset=\"https:\/\/mx.fcbujed.com\/mx\/wp-content\/uploads\/2021\/02\/experience-321-zorro-gris-cu_1141x478_cropFromCenter.jpg 640w, https:\/\/mx.fcbujed.com\/mx\/wp-content\/uploads\/2021\/02\/experience-321-zorro-gris-cu_1141x478_cropFromCenter-300x169.jpg 300w\" sizes=\"(max-width: 640px) 100vw, 640px\" \/><\/p><\/div>\n\t\t\t\t<\/div>\n\t\t\t\t<\/div>\n\t\t\t\t\t<\/div>\n\t\t<\/div>\n\t\t\t\t<div class=\"elementor-column elementor-col-50 elementor-top-column elementor-element elementor-element-e83f938\" data-id=\"e83f938\" data-element_type=\"column\">\n\t\t\t<div class=\"elementor-widget-wrap elementor-element-populated\">\n\t\t\t\t\t\t\t\t<div class=\"elementor-element elementor-element-03370ba elementor-widget elementor-widget-image\" data-id=\"03370ba\" data-element_type=\"widget\" data-widget_type=\"image.default\">\n\t\t\t\t<div class=\"elementor-widget-container\">\n\t\t\t\t\t<div class=\"elementor-image\">\n\t\t\t\t\t\t\t\t\t\t<img width=\"640\" height=\"905\" src=\"https:\/\/mx.fcbujed.com\/mx\/wp-content\/uploads\/2021\/02\/zorro-1.png\" class=\"attachment-large size-large\" alt=\"\" loading=\"lazy\" srcset=\"https:\/\/mx.fcbujed.com\/mx\/wp-content\/uploads\/2021\/02\/zorro-1.png 721w, https:\/\/mx.fcbujed.com\/mx\/wp-content\/uploads\/2021\/02\/zorro-1-212x300.png 212w\" sizes=\"(max-width: 640px) 100vw, 640px\" \/>\t\t\t\t\t\t\t\t\t\t\t<\/div>\n\t\t\t\t<\/div>\n\t\t\t\t<\/div>\n\t\t\t\t\t<\/div>\n\t\t<\/div>\n\t\t\t\t\t\t\t<\/div>\n\t\t<\/section>\n\t\t\t\t\t\t<\/div>\n\t\t\t\t\t<\/div>\n\t\t","protected":false},"excerpt":{"rendered":"<p>misi\u00f3n La Facultad de Ciencias Biol\u00f3gicas de la UJED, entidad p\u00fablica de educaci\u00f3n superior, tiene como misi\u00f3n la formaci\u00f3n integral de profesionistas de excelencia acad\u00e9mica, cient\u00edfica y tecnol\u00f3gica en el campo de las ciencias biol\u00f3gicas, con la finalidad de la generaci\u00f3n, aplicaci\u00f3n, difusi\u00f3n y transferencias del conocimiento cient\u00edfico mediante programas&hellip;<\/p>\n","protected":false},"author":1,"featured_media":0,"parent":0,"menu_order":0,"comment_status":"closed","ping_status":"closed","template":"elementor_header_footer","meta":[],"_links":{"self":[{"href":"https:\/\/mx.fcbujed.com\/mx\/wp-json\/wp\/v2\/pages\/408"}],"collection":[{"href":"https:\/\/mx.fcbujed.com\/mx\/wp-json\/wp\/v2\/pages"}],"about":[{"href":"https:\/\/mx.fcbujed.com\/mx\/wp-json\/wp\/v2\/types\/page"}],"author":[{"embeddable":true,"href":"https:\/\/mx.fcbujed.com\/mx\/wp-json\/wp\/v2\/users\/1"}],"replies":[{"embeddable":true,"href":"https:\/\/mx.fcbujed.com\/mx\/wp-json\/wp\/v2\/comments?post=408"}],"version-history":[{"count":8,"href":"https:\/\/mx.fcbujed.com\/mx\/wp-json\/wp\/v2\/pages\/408\/revisions"}],"predecessor-version":[{"id":630,"href":"https:\/\/mx.fcbujed.com\/mx\/wp-json\/wp\/v2\/pages\/408\/revisions\/630"}],"wp:attachment":[{"href":"https:\/\/mx.fcbujed.com\/mx\/wp-json\/wp\/v2\/media?parent=408"}],"curies":[{"name":"wp","href":"https:\/\/api.w.org\/{rel}","templated":true}]}}