{"id":1750,"date":"2022-06-27T04:03:31","date_gmt":"2022-06-27T04:03:31","guid":{"rendered":"https:\/\/mx.fcbujed.com\/mx\/?page_id=1750"},"modified":"2022-06-27T04:09:54","modified_gmt":"2022-06-27T04:09:54","slug":"diplomado-en-estadistica-aplicada","status":"publish","type":"page","link":"https:\/\/mx.fcbujed.com\/mx\/diplomado-en-estadistica-aplicada\/","title":{"rendered":"Diplomado en Estad\u00edstica Aplicada"},"content":{"rendered":"\t\t<div data-elementor-type=\"wp-page\" data-elementor-id=\"1750\" class=\"elementor elementor-1750\" data-elementor-settings=\"[]\">\n\t\t\t\t\t\t\t<div class=\"elementor-section-wrap\">\n\t\t\t\t\t\t\t<section class=\"elementor-section elementor-top-section elementor-element elementor-element-7c32d34 elementor-section-boxed elementor-section-height-default elementor-section-height-default\" data-id=\"7c32d34\" data-element_type=\"section\">\n\t\t\t\t\t\t<div class=\"elementor-container elementor-column-gap-default\">\n\t\t\t\t\t<div class=\"elementor-column elementor-col-100 elementor-top-column elementor-element elementor-element-a60eaef\" data-id=\"a60eaef\" data-element_type=\"column\">\n\t\t\t<div class=\"elementor-widget-wrap elementor-element-populated\">\n\t\t\t\t\t\t\t\t<div class=\"elementor-element elementor-element-08c96a6 elementor-view-default elementor-position-top elementor-vertical-align-top elementor-widget elementor-widget-icon-box\" data-id=\"08c96a6\" data-element_type=\"widget\" data-widget_type=\"icon-box.default\">\n\t\t\t\t<div class=\"elementor-widget-container\">\n\t\t\t\t\t<div class=\"elementor-icon-box-wrapper\">\n\t\t\t\t\t\t<div class=\"elementor-icon-box-icon\">\n\t\t\t\t<span class=\"elementor-icon elementor-animation-\" >\n\t\t\t\t<i aria-hidden=\"true\" class=\"fas fa-chart-bar\"><\/i>\t\t\t\t<\/span>\n\t\t\t<\/div>\n\t\t\t\t\t\t<div class=\"elementor-icon-box-content\">\n\t\t\t\t<h3 class=\"elementor-icon-box-title\">\n\t\t\t\t\t<span >APLICACIONES PR\u00c1CTICAS DE LA ESTAD\u00cdSTICA EN LAS CIENCIAS BIOL\u00d3GICAS<\/span>\n\t\t\t\t<\/h3>\n\t\t\t\t\t\t\t\t<p class=\"elementor-icon-box-description\">Edici\u00f3n 2022 - Certificado ante la SEP\n<\/p>\n\t\t\t\t\t\t\t<\/div>\n\t\t<\/div>\n\t\t\t\t<\/div>\n\t\t\t\t<\/div>\n\t\t\t\t\t<\/div>\n\t\t<\/div>\n\t\t\t\t\t\t\t<\/div>\n\t\t<\/section>\n\t\t\t\t<section class=\"elementor-section elementor-top-section elementor-element elementor-element-f91ce37 elementor-section-boxed elementor-section-height-default elementor-section-height-default\" data-id=\"f91ce37\" data-element_type=\"section\">\n\t\t\t\t\t\t<div class=\"elementor-container elementor-column-gap-default\">\n\t\t\t\t\t<div class=\"elementor-column elementor-col-50 elementor-top-column elementor-element elementor-element-0dee1c2\" data-id=\"0dee1c2\" data-element_type=\"column\">\n\t\t\t<div class=\"elementor-widget-wrap elementor-element-populated\">\n\t\t\t\t\t\t\t\t<div class=\"elementor-element elementor-element-a7fabb8 elementor-widget elementor-widget-text-editor\" data-id=\"a7fabb8\" data-element_type=\"widget\" data-widget_type=\"text-editor.default\">\n\t\t\t\t<div class=\"elementor-widget-container\">\n\t\t\t\t\t<div class=\"elementor-text-editor elementor-clearfix\"><p><strong>Facilitadora<\/strong>: Dra. Cristina Garc\u00eda De la Pe\u00f1a<\/p><p>Investigadora de la\u00a0 Facultad de Ciencias Biol\u00f3gicas UJED<\/p><p><strong>Dirigido a<\/strong>: estudiantes de licenciatura y posgrado de carreras afines a las ciencias biol\u00f3gicas y profesionistas que se dediquen a esta \u00e1rea del conocimiento. Tambi\u00e9n habr\u00e1 Opci\u00f3n Titulaci\u00f3n para estudiantes de licenciatura de la FCB-UJED que cumplan ciertos requisitos.<\/p><p><strong>Objetivo del diplomado<\/strong>: Aplicar herramientas estad\u00edsticas a estudios relacionados con las ciencias biol\u00f3gicas, considerando los supuestos de cada t\u00e9cnica, su interpretaci\u00f3n y su redacci\u00f3n formal.<\/p><p><strong>Modalidad<\/strong>: virtual (se grabar\u00e1n las sesiones)<\/p><p><strong>Duraci\u00f3n<\/strong>: 10 semanas<\/p><p><strong>Fecha de inicio<\/strong>: 19 de septiembre<\/p><p><strong>Horario<\/strong>: 16:30 a 18:30 hrs de lunes a jueves<\/p><\/div>\n\t\t\t\t<\/div>\n\t\t\t\t<\/div>\n\t\t\t\t\t<\/div>\n\t\t<\/div>\n\t\t\t\t<div class=\"elementor-column elementor-col-50 elementor-top-column elementor-element elementor-element-b0f4508\" data-id=\"b0f4508\" data-element_type=\"column\">\n\t\t\t<div class=\"elementor-widget-wrap elementor-element-populated\">\n\t\t\t\t\t\t\t\t<div class=\"elementor-element elementor-element-e04ca0f elementor-widget elementor-widget-text-editor\" data-id=\"e04ca0f\" data-element_type=\"widget\" data-widget_type=\"text-editor.default\">\n\t\t\t\t<div class=\"elementor-widget-container\">\n\t\t\t\t\t<div class=\"elementor-text-editor elementor-clearfix\"><p><strong>Inversi\u00f3n<\/strong>: 1,500 pesos (profesionistas)<\/p><ul><li>1,300 pesos (alumnos de posgrado, se requiere mostrar credencial vigente)<\/li><li>1,000 pesos (alumnos de licenciatura, se requiere mostrar credencial vigente)<\/li><li>Se emiten facturas (no aplica IVA)<\/li><\/ul><p><strong>Requisitos<\/strong>: computadora personal, conexi\u00f3n estable a internet<\/p><p><strong>Software a utilizar<\/strong>: SPSS, MedCalc, GPower, Excel<\/p><p>Se le proporcionar\u00e1 el software de estad\u00edstica<\/p><p><strong>Acreditaci\u00f3n<\/strong>: Obtener calificaci\u00f3n m\u00ednima de 70 en cuestionarios y problemas del curso, lo que le permitir\u00e1 recibir Diploma foliado y registrado ante la SEP.<\/p><p><strong>*<\/strong>El costo de inversi\u00f3n se debe realizar una semana antes del cuso en la oficina de la direcci\u00f3n de la Facultad de Ciencias Biol\u00f3gicas UJED, ubicada en Av. Universidad s\/n Fracc. Filadelfia, G\u00f3mez Palacio, Dgo.<\/p><p>Si requiere realizar transferencia electr\u00f3nica o pago en ventanilla solicite los datos bancarios al 8717152077 (oficinas de FCB-UJED).<\/p><p>Una vez realizado el pago favor de enviar su comprobante a <a href=\"mailto:cristina.garcia@ujed.mx\">cristina.garcia@ujed.mx<\/a><\/p><p>Para mayores informes e inscripciones favor de escribir a: <a href=\"mailto:cristina.garcia@ujed.mx\">cristina.garcia@ujed.mx<\/a><\/p><\/div>\n\t\t\t\t<\/div>\n\t\t\t\t<\/div>\n\t\t\t\t\t<\/div>\n\t\t<\/div>\n\t\t\t\t\t\t\t<\/div>\n\t\t<\/section>\n\t\t\t\t<section class=\"elementor-section elementor-top-section elementor-element elementor-element-fef325b elementor-section-boxed elementor-section-height-default elementor-section-height-default\" data-id=\"fef325b\" data-element_type=\"section\">\n\t\t\t\t\t\t<div class=\"elementor-container elementor-column-gap-default\">\n\t\t\t\t\t<div class=\"elementor-column elementor-col-100 elementor-top-column elementor-element elementor-element-e191a9b\" data-id=\"e191a9b\" data-element_type=\"column\">\n\t\t\t<div class=\"elementor-widget-wrap elementor-element-populated\">\n\t\t\t\t\t\t\t\t<div class=\"elementor-element elementor-element-1de8d20 elementor-widget elementor-widget-heading\" data-id=\"1de8d20\" data-element_type=\"widget\" data-widget_type=\"heading.default\">\n\t\t\t\t<div class=\"elementor-widget-container\">\n\t\t\t<h2 class=\"elementor-heading-title elementor-size-default\">CONTENIDOS<\/h2>\t\t<\/div>\n\t\t\t\t<\/div>\n\t\t\t\t\t<\/div>\n\t\t<\/div>\n\t\t\t\t\t\t\t<\/div>\n\t\t<\/section>\n\t\t\t\t<section class=\"elementor-section elementor-top-section elementor-element elementor-element-b962303 elementor-section-boxed elementor-section-height-default elementor-section-height-default\" data-id=\"b962303\" data-element_type=\"section\">\n\t\t\t\t\t\t<div class=\"elementor-container elementor-column-gap-default\">\n\t\t\t\t\t<div class=\"elementor-column elementor-col-50 elementor-top-column elementor-element elementor-element-c79045c\" data-id=\"c79045c\" data-element_type=\"column\">\n\t\t\t<div class=\"elementor-widget-wrap elementor-element-populated\">\n\t\t\t\t\t\t\t\t<div class=\"elementor-element elementor-element-9932a43 elementor-widget elementor-widget-text-editor\" data-id=\"9932a43\" data-element_type=\"widget\" data-widget_type=\"text-editor.default\">\n\t\t\t\t<div class=\"elementor-widget-container\">\n\t\t\t\t\t<div class=\"elementor-text-editor elementor-clearfix\"><p>&#8211;\u00a0\u00a0\u00a0\u00a0\u00a0\u00a0\u00a0\u00a0\u00a0 Historia del origen de la estad\u00edstica<\/p><p>&#8211;\u00a0\u00a0\u00a0\u00a0\u00a0\u00a0\u00a0\u00a0\u00a0 Conceptos b\u00e1sicos de estad\u00edstica<\/p><p>&#8211;\u00a0\u00a0\u00a0\u00a0\u00a0\u00a0\u00a0\u00a0\u00a0 Escalas de medici\u00f3n<\/p><p>&#8211;\u00a0\u00a0\u00a0\u00a0\u00a0\u00a0\u00a0\u00a0\u00a0 Clasificaci\u00f3n de las variables<\/p><p>&#8211;\u00a0\u00a0\u00a0\u00a0\u00a0\u00a0\u00a0\u00a0\u00a0 Medidas del tama\u00f1o de la distribuci\u00f3n de datos<\/p><p>&#8211;\u00a0\u00a0\u00a0\u00a0\u00a0\u00a0\u00a0\u00a0\u00a0 Medidas de tendencia central<\/p><p>&#8211;\u00a0\u00a0\u00a0\u00a0\u00a0\u00a0\u00a0\u00a0\u00a0 Medidas de variabilidad<\/p><p>&#8211;\u00a0\u00a0\u00a0\u00a0\u00a0\u00a0\u00a0\u00a0\u00a0 Medidas de forma de la distribuci\u00f3n de datos<\/p><p>&#8211;\u00a0\u00a0\u00a0\u00a0\u00a0\u00a0\u00a0\u00a0\u00a0 Error est\u00e1ndar<\/p><p><span style=\"color: var( --e-global-color-text ); font-family: var( --e-global-typography-text-font-family ), Sans-serif; font-weight: var( --e-global-typography-text-font-weight );\">&#8211;\u00a0\u00a0\u00a0\u00a0\u00a0\u00a0\u00a0\u00a0\u00a0 Intervalos de confianza para la media muestral<\/span><\/p><p>&#8211;\u00a0\u00a0\u00a0\u00a0\u00a0\u00a0\u00a0\u00a0\u00a0 Medidas de posici\u00f3n de los datos<\/p><p>&#8211;\u00a0\u00a0\u00a0\u00a0\u00a0\u00a0\u00a0\u00a0\u00a0 Representaciones gr\u00e1ficas de los datos<\/p><p>&#8211;\u00a0\u00a0\u00a0\u00a0\u00a0\u00a0\u00a0\u00a0\u00a0 Tama\u00f1o de muestra<\/p><p>&#8211;\u00a0\u00a0\u00a0\u00a0\u00a0\u00a0\u00a0\u00a0\u00a0 Muestreo probabil\u00edstico y no probabil\u00edstico<\/p><p>&#8211;\u00a0\u00a0\u00a0\u00a0\u00a0\u00a0\u00a0\u00a0\u00a0 An\u00e1lisis de frecuencias<\/p><\/div>\n\t\t\t\t<\/div>\n\t\t\t\t<\/div>\n\t\t\t\t\t<\/div>\n\t\t<\/div>\n\t\t\t\t<div class=\"elementor-column elementor-col-50 elementor-top-column elementor-element elementor-element-0bb564e\" data-id=\"0bb564e\" data-element_type=\"column\">\n\t\t\t<div class=\"elementor-widget-wrap elementor-element-populated\">\n\t\t\t\t\t\t\t\t<div class=\"elementor-element elementor-element-6ab0bc2 elementor-widget elementor-widget-text-editor\" data-id=\"6ab0bc2\" data-element_type=\"widget\" data-widget_type=\"text-editor.default\">\n\t\t\t\t<div class=\"elementor-widget-container\">\n\t\t\t\t\t<div class=\"elementor-text-editor elementor-clearfix\"><p>&#8211;\u00a0\u00a0\u00a0\u00a0\u00a0\u00a0\u00a0\u00a0\u00a0 Concepto de estad\u00edstica inferencial<\/p><p>&#8211;\u00a0\u00a0\u00a0\u00a0\u00a0\u00a0\u00a0\u00a0\u00a0 Diferencias entre estad\u00edstica inferencial param\u00e9trica y no param\u00e9trica<\/p><p>&#8211;\u00a0\u00a0\u00a0\u00a0\u00a0\u00a0\u00a0\u00a0\u00a0 Muestreo probabil\u00edstico y no probabil\u00edstico<\/p><p>&#8211;\u00a0\u00a0\u00a0\u00a0\u00a0\u00a0\u00a0\u00a0\u00a0 An\u00e1lisis de frecuencias<\/p><p>&#8211;\u00a0\u00a0\u00a0\u00a0\u00a0\u00a0\u00a0\u00a0\u00a0 Concepto de Normalidad y pruebas de Shapiro-Wilk y Kolmogorov-Smirnov<\/p><p>&#8211;\u00a0\u00a0\u00a0\u00a0\u00a0\u00a0\u00a0\u00a0\u00a0 Concepto de Homogeneidad de varianza y prueba de Levene<\/p><p>&#8211;\u00a0\u00a0\u00a0\u00a0\u00a0\u00a0\u00a0\u00a0\u00a0 Prueba de Chi-cuadrada<\/p><p>&#8211;\u00a0\u00a0\u00a0\u00a0\u00a0\u00a0\u00a0\u00a0\u00a0 Pruebas t-Student, Wilcoxon, Mann-Whitney<\/p><p>&#8211;\u00a0\u00a0\u00a0\u00a0\u00a0\u00a0\u00a0\u00a0\u00a0 ANOVA, Tukey, Kruskal-Wallis, Friedman, Conover<\/p><p>&#8211;\u00a0\u00a0\u00a0\u00a0\u00a0\u00a0\u00a0\u00a0\u00a0 ANOVA factorial<\/p><p>&#8211;\u00a0\u00a0\u00a0\u00a0\u00a0\u00a0\u00a0\u00a0\u00a0 Correlaci\u00f3n simple y m\u00faltiple de Pearson, Spearman y Kendall<\/p><p>&#8211;\u00a0\u00a0\u00a0\u00a0\u00a0\u00a0\u00a0\u00a0\u00a0 Regresi\u00f3n lineal simple y m\u00faltiple<\/p><p>&#8211;\u00a0\u00a0\u00a0\u00a0\u00a0\u00a0\u00a0\u00a0\u00a0 Regresi\u00f3n curvil\u00ednea<\/p><p>&#8211;\u00a0\u00a0\u00a0\u00a0\u00a0\u00a0\u00a0\u00a0\u00a0 An\u00e1lisis de correlaci\u00f3n can\u00f3nica<\/p><p>&#8211;\u00a0\u00a0\u00a0\u00a0\u00a0\u00a0\u00a0\u00a0\u00a0 An\u00e1lisis de conglomerados jer\u00e1rquicos<\/p><p>&#8211;\u00a0\u00a0\u00a0\u00a0\u00a0\u00a0\u00a0\u00a0\u00a0\u00a0 Dise\u00f1o experimental<\/p><\/div>\n\t\t\t\t<\/div>\n\t\t\t\t<\/div>\n\t\t\t\t\t<\/div>\n\t\t<\/div>\n\t\t\t\t\t\t\t<\/div>\n\t\t<\/section>\n\t\t\t\t\t\t<\/div>\n\t\t\t\t\t<\/div>\n\t\t","protected":false},"excerpt":{"rendered":"<p>APLICACIONES PR\u00c1CTICAS DE LA ESTAD\u00cdSTICA EN LAS CIENCIAS BIOL\u00d3GICAS Edici\u00f3n 2022 &#8211; Certificado ante la SEP Facilitadora: Dra. Cristina Garc\u00eda De la Pe\u00f1a Investigadora de la\u00a0 Facultad de Ciencias Biol\u00f3gicas UJED Dirigido a: estudiantes de licenciatura y posgrado de carreras afines a las ciencias biol\u00f3gicas y profesionistas que se dediquen&hellip;<\/p>\n","protected":false},"author":1,"featured_media":0,"parent":0,"menu_order":0,"comment_status":"closed","ping_status":"closed","template":"elementor_header_footer","meta":[],"_links":{"self":[{"href":"https:\/\/mx.fcbujed.com\/mx\/wp-json\/wp\/v2\/pages\/1750"}],"collection":[{"href":"https:\/\/mx.fcbujed.com\/mx\/wp-json\/wp\/v2\/pages"}],"about":[{"href":"https:\/\/mx.fcbujed.com\/mx\/wp-json\/wp\/v2\/types\/page"}],"author":[{"embeddable":true,"href":"https:\/\/mx.fcbujed.com\/mx\/wp-json\/wp\/v2\/users\/1"}],"replies":[{"embeddable":true,"href":"https:\/\/mx.fcbujed.com\/mx\/wp-json\/wp\/v2\/comments?post=1750"}],"version-history":[{"count":4,"href":"https:\/\/mx.fcbujed.com\/mx\/wp-json\/wp\/v2\/pages\/1750\/revisions"}],"predecessor-version":[{"id":1754,"href":"https:\/\/mx.fcbujed.com\/mx\/wp-json\/wp\/v2\/pages\/1750\/revisions\/1754"}],"wp:attachment":[{"href":"https:\/\/mx.fcbujed.com\/mx\/wp-json\/wp\/v2\/media?parent=1750"}],"curies":[{"name":"wp","href":"https:\/\/api.w.org\/{rel}","templated":true}]}}